{"id":2722,"date":"2024-01-15T07:38:25","date_gmt":"2024-01-15T07:38:25","guid":{"rendered":"\/tuyen-dung\/?page_id=2722"},"modified":"2024-08-12T07:35:03","modified_gmt":"2024-08-12T07:35:03","slug":"van-hoa-doanh-nghiep","status":"publish","type":"page","link":"https:\/\/canifa.com\/tuyen-dung\/van-hoa-doanh-nghiep\/","title":{"rendered":"V\u0103n h\u00f3a doanh nghi\u1ec7p"},"content":{"rendered":"\t\t<div data-elementor-type=\"wp-page\" data-elementor-id=\"2722\" class=\"elementor elementor-2722\" data-elementor-post-type=\"page\">\n\t\t\t\t<div class=\"elementor-element elementor-element-13aece7 e-flex e-con-boxed e-con e-parent\" data-id=\"13aece7\" data-element_type=\"container\" data-e-type=\"container\">\n\t\t\t\t\t<div class=\"e-con-inner\">\n\t\t\t\t<div class=\"elementor-element elementor-element-f6a8e5c elementor-widget elementor-widget-heading\" data-id=\"f6a8e5c\" data-element_type=\"widget\" data-e-type=\"widget\" data-widget_type=\"heading.default\">\n\t\t\t\t<div class=\"elementor-widget-container\">\n\t\t\t\t\t<h1 class=\"elementor-heading-title elementor-size-default\">GI\u00c1 TR\u1eca C\u1ed0T L\u00d5I<\/h1>\t\t\t\t<\/div>\n\t\t\t\t<\/div>\n\t\t\t\t\t<\/div>\n\t\t\t\t<\/div>\n\t\t<div class=\"elementor-element elementor-element-904d22d e-grid e-con-boxed e-con e-parent\" data-id=\"904d22d\" data-element_type=\"container\" data-e-type=\"container\">\n\t\t\t\t\t<div class=\"e-con-inner\">\n\t\t\t\t<div class=\"elementor-element elementor-element-66a485c elementor-widget elementor-widget-text-editor\" data-id=\"66a485c\" data-element_type=\"widget\" data-e-type=\"widget\" data-widget_type=\"text-editor.default\">\n\t\t\t\t<div class=\"elementor-widget-container\">\n\t\t\t\t\t\t\t\t\t<h1><b>KH\u00c1T V\u1eccNG<\/b><\/h1><p>T\u1ef1 h\u00e0o l\u00e0 th\u01b0\u01a1ng hi\u1ec7u bi\u1ec3u t\u01b0\u1ee3ng c\u1ee7a th\u1eddi trang Vi\u1ec7t. Th\u1eeba h\u01b0\u1edfng n\u1ec1n t\u1ea3ng v\u1eefng ch\u1eafc c\u1ee7a Qu\u1ed1c gia thu\u1ed9c top 3 cung \u1ee9ng nh\u1eefng s\u1ea3n ph\u1ea9m d\u1ec7t may to\u00e0n c\u1ea7u, Canifa \u0111\u00e3 t\u1ea1o ra nh\u1eefng s\u1ea3n ph\u1ea9m ch\u1ea5t l\u01b0\u1ee3ng Qu\u1ed1c t\u1ebf, t\u00f4n vinh quy\u1ec1n m\u1eb7c \u0111\u1eb9p c\u1ee7a t\u1ea5t c\u1ea3 m\u1ecdi ng\u01b0\u1eddi v\u00e0 g\u00f3p ph\u1ea7n th\u00fac \u0111\u1ea9y s\u1ef1 ph\u00e1t tri\u1ec3n c\u1ee7a ng\u00e0nh c\u00f4ng nghi\u1ec7p th\u1eddi trang t\u1ea1i Vi\u1ec7t Nam v\u00e0 khu v\u1ef1c.<\/p>\t\t\t\t\t\t\t\t<\/div>\n\t\t\t\t<\/div>\n\t\t\t\t<div class=\"elementor-element elementor-element-1d47786 elementor-widget elementor-widget-text-editor\" data-id=\"1d47786\" data-element_type=\"widget\" data-e-type=\"widget\" data-widget_type=\"text-editor.default\">\n\t\t\t\t<div class=\"elementor-widget-container\">\n\t\t\t\t\t\t\t\t\t<h1><b>T\u00d4N TR\u1eccNG<\/b><\/h1><p>T\u00f4n tr\u1ecdng l\u00e0 y\u1ebfu t\u1ed1 then ch\u1ed1t v\u00e0 ti\u00ean quy\u1ebft trong m\u1ecdi suy ngh\u0129 v\u00e0 h\u00e0nh \u0111\u1ed9ng, th\u1ec3 hi\u1ec7n b\u1eb1ng s\u1ef1 c\u00f4ng b\u1eb1ng, l\u00f2ng bi\u1ebft \u01a1n v\u00e0 t\u00f4n tr\u1ecdng s\u1ef1 kh\u00e1c bi\u1ec7t, t\u1eeb \u0111\u00f3 t\u1ea1o ra m\u00f4i tr\u01b0\u1eddng l\u00e0m vi\u1ec7c v\u0103n minh, chuy\u00ean nghi\u1ec7p.\u00a0<\/p>\t\t\t\t\t\t\t\t<\/div>\n\t\t\t\t<\/div>\n\t\t\t\t\t<\/div>\n\t\t\t\t<\/div>\n\t\t<div class=\"elementor-element elementor-element-d21eb49 e-grid e-con-boxed e-con e-parent\" data-id=\"d21eb49\" data-element_type=\"container\" data-e-type=\"container\">\n\t\t\t\t\t<div class=\"e-con-inner\">\n\t\t\t\t<div class=\"elementor-element elementor-element-2775ee0 elementor-widget elementor-widget-text-editor\" data-id=\"2775ee0\" data-element_type=\"widget\" data-e-type=\"widget\" data-widget_type=\"text-editor.default\">\n\t\t\t\t<div class=\"elementor-widget-container\">\n\t\t\t\t\t\t\t\t\t<h1><b>T\u1eacN T\u00c2M<\/b><\/h1><p>L\u1ea5y kh\u00e1ch h\u00e0ng l\u00e0m tr\u1ecdng t\u00e2m, Canifa l\u1eafng nghe, th\u1ea5u hi\u1ec3u v\u00e0 kh\u00f4ng ng\u1eebng n\u00e2ng chu\u1ea9n m\u1eb7c \u0111\u1eb9p c\u1ee7a kh\u00e1ch h\u00e0ng v\u1edbi s\u1ea3n ph\u1ea9m ch\u1ea5t l\u01b0\u1ee3ng, d\u1ecbch v\u1ee5 th\u00e2n thi\u1ec7n v\u00e0 tr\u1ea3i nghi\u1ec7m mua s\u1eafm th\u00fa v\u1ecb.<\/p>\t\t\t\t\t\t\t\t<\/div>\n\t\t\t\t<\/div>\n\t\t\t\t<div class=\"elementor-element elementor-element-130a5f7 elementor-widget elementor-widget-text-editor\" data-id=\"130a5f7\" data-element_type=\"widget\" data-e-type=\"widget\" data-widget_type=\"text-editor.default\">\n\t\t\t\t<div class=\"elementor-widget-container\">\n\t\t\t\t\t\t\t\t\t<h1><b>CH\u00cdNH TR\u1ef0C<\/b><\/h1><p>Nh\u1ea5t qu\u00e1n &#8211; N\u00f3i l\u00e0 l\u00e0m, Canifa can \u0111\u1ea3m, th\u1eb3ng th\u1eafn \u0111\u1ed1i di\u1ec7n v\u1edbi m\u1ecdi th\u1eed th\u00e1ch; ch\u1ee7 \u0111\u1ed9ng t\u1ea1o ra m\u00f4i tr\u01b0\u1eddng l\u00e0m vi\u1ec7c minh b\u1ea1ch. Ch\u1ecbu tr\u00e1ch nhi\u1ec7m trong m\u1ecdi h\u00e0nh \u0111\u1ed9ng v\u00e0 tu\u00e2n th\u1ee7 c\u00e1c chu\u1ea9n m\u1ef1c c\u1ed9ng \u0111\u1ed3ng.<\/p>\t\t\t\t\t\t\t\t<\/div>\n\t\t\t\t<\/div>\n\t\t\t\t\t<\/div>\n\t\t\t\t<\/div>\n\t\t<div class=\"elementor-element elementor-element-cd593d2 e-grid e-con-boxed e-con e-parent\" data-id=\"cd593d2\" data-element_type=\"container\" data-e-type=\"container\">\n\t\t\t\t\t<div class=\"e-con-inner\">\n\t\t\t\t<div class=\"elementor-element elementor-element-215c300 elementor-widget elementor-widget-text-editor\" data-id=\"215c300\" data-element_type=\"widget\" data-e-type=\"widget\" data-widget_type=\"text-editor.default\">\n\t\t\t\t<div class=\"elementor-widget-container\">\n\t\t\t\t\t\t\t\t\t<h1><b>S\u00c1NG T\u1ea0O<\/b><\/h1><p>Li\u00ean t\u1ee5c h\u1ecdc h\u1ecfi, t\u00ecm c\u00e1ch l\u00e0m m\u1edbi ngay c\u1ea3 v\u1edbi nh\u1eefng vi\u1ec7c c\u0169; t\u00ecm ki\u1ebfm v\u00e0 coi tr\u1ecdng nh\u1eefng kh\u00e1c bi\u1ec7t t\u1eeb con ng\u01b0\u1eddi, \u00fd t\u01b0\u1edfng \u0111\u1ec3 lu\u00f4n \u0111\u1ed5i m\u1edbi, s\u00e1ng t\u1ea1o v\u00e0 linh ho\u1ea1t th\u00edch \u1ee9ng t\u1ea1o gi\u00e1 tr\u1ecb v\u01b0\u1ee3t tr\u1ed9i cho kh\u00e1ch h\u00e0ng.<\/p>\t\t\t\t\t\t\t\t<\/div>\n\t\t\t\t<\/div>\n\t\t\t\t<div class=\"elementor-element elementor-element-f4303bb elementor-widget elementor-widget-text-editor\" data-id=\"f4303bb\" data-element_type=\"widget\" data-e-type=\"widget\" data-widget_type=\"text-editor.default\">\n\t\t\t\t<div class=\"elementor-widget-container\">\n\t\t\t\t\t\t\t\t\t<h1><b>CHIA S\u1eba<\/b><\/h1><p>S\u1eb5n s\u00e0ng h\u1ee3p t\u00e1c v\u00e0 chia s\u1ebb c\u01a1 h\u1ed9i c\u0169ng nh\u01b0 kh\u00f3 kh\u0103n, th\u00e0nh qu\u1ea3 v\u1edbi \u0111\u1ed1i t\u00e1c, \u0111\u1ed3ng nghi\u1ec7p, c\u1ed9ng \u0111\u1ed3ng v\u00e0 x\u00e3 h\u1ed9i.<\/p>\t\t\t\t\t\t\t\t<\/div>\n\t\t\t\t<\/div>\n\t\t\t\t\t<\/div>\n\t\t\t\t<\/div>\n\t\t\t\t<\/div>\n\t\t","protected":false},"excerpt":{"rendered":"<p>GI\u00c1 TR\u1eca C\u1ed0T L\u00d5I KH\u00c1T V\u1eccNG T\u1ef1 h\u00e0o l\u00e0 th\u01b0\u01a1ng hi\u1ec7u bi\u1ec3u t\u01b0\u1ee3ng c\u1ee7a th\u1eddi trang Vi\u1ec7t. Th\u1eeba h\u01b0\u1edfng n\u1ec1n t\u1ea3ng v\u1eefng ch\u1eafc c\u1ee7a Qu\u1ed1c gia thu\u1ed9c top 3 cung \u1ee9ng nh\u1eefng s\u1ea3n ph\u1ea9m d\u1ec7t may to\u00e0n c\u1ea7u, Canifa \u0111\u00e3 t\u1ea1o ra nh\u1eefng s\u1ea3n ph\u1ea9m ch\u1ea5t l\u01b0\u1ee3ng Qu\u1ed1c t\u1ebf, t\u00f4n vinh quy\u1ec1n m\u1eb7c \u0111\u1eb9p c\u1ee7a [&hellip;]<\/p>\n","protected":false},"author":4,"featured_media":0,"parent":0,"menu_order":0,"comment_status":"closed","ping_status":"closed","template":"","meta":{"_acf_changed":false,"footnotes":""},"class_list":["post-2722","page","type-page","status-publish","hentry"],"acf":[],"_links":{"self":[{"href":"https:\/\/canifa.com\/tuyen-dung\/wp-json\/wp\/v2\/pages\/2722","targetHints":{"allow":["GET"]}}],"collection":[{"href":"https:\/\/canifa.com\/tuyen-dung\/wp-json\/wp\/v2\/pages"}],"about":[{"href":"https:\/\/canifa.com\/tuyen-dung\/wp-json\/wp\/v2\/types\/page"}],"author":[{"embeddable":true,"href":"https:\/\/canifa.com\/tuyen-dung\/wp-json\/wp\/v2\/users\/4"}],"replies":[{"embeddable":true,"href":"https:\/\/canifa.com\/tuyen-dung\/wp-json\/wp\/v2\/comments?post=2722"}],"version-history":[{"count":23,"href":"https:\/\/canifa.com\/tuyen-dung\/wp-json\/wp\/v2\/pages\/2722\/revisions"}],"predecessor-version":[{"id":3627,"href":"https:\/\/canifa.com\/tuyen-dung\/wp-json\/wp\/v2\/pages\/2722\/revisions\/3627"}],"wp:attachment":[{"href":"https:\/\/canifa.com\/tuyen-dung\/wp-json\/wp\/v2\/media?parent=2722"}],"curies":[{"name":"wp","href":"https:\/\/api.w.org\/{rel}","templated":true}]}}