{"id":2885,"date":"2024-01-16T09:53:32","date_gmt":"2024-01-16T09:53:32","guid":{"rendered":"\/tuyen-dung\/?page_id=2885"},"modified":"2024-01-16T09:53:32","modified_gmt":"2024-01-16T09:53:32","slug":"dao-tao-okrs-danh-cho-cap-quan-ly-canifa","status":"publish","type":"page","link":"https:\/\/canifa.com\/tuyen-dung\/dao-tao-okrs-danh-cho-cap-quan-ly-canifa\/","title":{"rendered":"\u0110\u00e0o t\u1ea1o OKRs d\u00e0nh cho c\u1ea5p qu\u1ea3n l\u00fd Canifa"},"content":{"rendered":"\n<blockquote class=\"wp-block-quote is-layout-flow wp-block-quote-is-layout-flow\">\n<p>M\u1ee5c \u0111\u00edch c\u1ee7a Kh\u00f3a h\u1ecdc nh\u1eb1m gi\u00fap cho vi\u1ec7c tri\u1ec3n khai v\u00e0 \u0111\u00e1nh gi\u00e1 OKRs tr\u1edf n\u00ean hi\u1ec7u qu\u1ea3 v\u00e0 d\u1ec5 d\u00e0ng h\u01a1n \u0111\u1ed1i v\u1edbi t\u1ea5t c\u1ea3 c\u00e1c Kh\u1ed1i\/ Ph\u00f2ng\/ B\u1ed9 ph\u1eadn.<\/p>\n<\/blockquote>\n\n\n\n<figure class=\"wp-block-image size-large\"><img fetchpriority=\"high\" decoding=\"async\" width=\"1024\" height=\"576\" src=\"https:\/\/canifa.com\/tuyen-dung\/wp-content\/uploads\/2024\/01\/5-1-1024x576.jpg\" alt=\"\" class=\"wp-image-2886\" srcset=\"https:\/\/canifa.com\/tuyen-dung\/wp-content\/uploads\/2024\/01\/5-1-1024x576.jpg 1024w, https:\/\/canifa.com\/tuyen-dung\/wp-content\/uploads\/2024\/01\/5-1-300x169.jpg 300w, https:\/\/canifa.com\/tuyen-dung\/wp-content\/uploads\/2024\/01\/5-1-768x432.jpg 768w, https:\/\/canifa.com\/tuyen-dung\/wp-content\/uploads\/2024\/01\/5-1-1200x675.jpg 1200w, https:\/\/canifa.com\/tuyen-dung\/wp-content\/uploads\/2024\/01\/5-1-400x225.jpg 400w, https:\/\/canifa.com\/tuyen-dung\/wp-content\/uploads\/2024\/01\/5-1-130x73.jpg 130w, https:\/\/canifa.com\/tuyen-dung\/wp-content\/uploads\/2024\/01\/5-1.jpg 1280w\" sizes=\"(max-width: 1024px) 100vw, 1024px\" \/><\/figure>\n\n\n\n<blockquote class=\"wp-block-quote is-layout-flow wp-block-quote-is-layout-flow\">\n<p>Kh\u00f3a \u0111\u00e0o t\u1ea1o do anh Mai Xu\u00e2n \u0110\u1ea1t (CEO J.O.H.N Capital) d\u1eabn d\u1eaft \u0111\u00e3 nh\u1eadn v\u1ec1 nh\u1eefng ph\u1ea3n h\u1ed3i t\u00edch c\u1ef1c, c\u00e1c CBQL cho r\u1eb1ng m\u1ecdi ng\u01b0\u1eddi c\u00f3 th\u1ec3 hi\u1ec3u s\u00e2u h\u01a1n v\u1ec1 c\u00e1ch thi\u1ebft l\u1eadp m\u1ee5c ti\u00eau, v\u1ec1 nh\u1eefng thi\u1ebfu s\u00f3t trong th\u1ef1c t\u1ebf khi tri\u1ec3n khai OKRs, \u0111\u1ed3ng th\u1eddi nh\u1eefng ki\u1ebfn th\u1ee9c \u0111\u00e3 h\u1ecdc \u0111\u01b0\u1ee3c c\u00e1c h\u1ecdc vi\u00ean cho r\u1eb1ng c\u00f3 th\u1ec3 \u1ee9ng d\u1ee5ng \u0111\u01b0\u1ee3c ngay v\u00e0o c\u00f4ng vi\u1ec7c. <\/p>\n\n\n\n<figure class=\"wp-block-image size-large\"><img decoding=\"async\" width=\"1280\" height=\"720\" src=\"https:\/\/canifa.com\/tuyen-dung\/wp-content\/uploads\/2024\/01\/6-1024x576.jpg\" alt=\"\" class=\"wp-image-2887\" srcset=\"https:\/\/canifa.com\/tuyen-dung\/wp-content\/uploads\/2024\/01\/6-1024x576.jpg 1024w, https:\/\/canifa.com\/tuyen-dung\/wp-content\/uploads\/2024\/01\/6-300x169.jpg 300w, https:\/\/canifa.com\/tuyen-dung\/wp-content\/uploads\/2024\/01\/6-768x432.jpg 768w, https:\/\/canifa.com\/tuyen-dung\/wp-content\/uploads\/2024\/01\/6-1200x675.jpg 1200w, https:\/\/canifa.com\/tuyen-dung\/wp-content\/uploads\/2024\/01\/6-400x225.jpg 400w, https:\/\/canifa.com\/tuyen-dung\/wp-content\/uploads\/2024\/01\/6-130x73.jpg 130w, https:\/\/canifa.com\/tuyen-dung\/wp-content\/uploads\/2024\/01\/6.jpg 1280w\" sizes=\"(max-width: 1280px) 100vw, 1280px\" \/><\/figure>\n<cite><em>Mong r\u1eb1ng nh\u1eefng ki\u1ebfn th\u1ee9c \u0111\u00e3 h\u1ecdc \u0111\u01b0\u1ee3c trong kh\u00f3a \u0110\u00e0o t\u1ea1o s\u1ebd \u0111\u01b0\u1ee3c c\u00e1c anh\/ ch\u1ecb v\u1eadn d\u1ee5ng hi\u1ec7u qu\u1ea3 trong vi\u1ec7c thi\u1ebft l\u1eadp &amp; tri\u1ec3n khai OKRs v\u00e0o n\u1eeda n\u0103m c\u00f2n l\u1ea1i!<\/em><\/cite><\/blockquote>\n","protected":false},"excerpt":{"rendered":"<p>M\u1ee5c \u0111\u00edch c\u1ee7a Kh\u00f3a h\u1ecdc nh\u1eb1m gi\u00fap cho vi\u1ec7c tri\u1ec3n khai v\u00e0 \u0111\u00e1nh gi\u00e1 OKRs tr\u1edf n\u00ean hi\u1ec7u qu\u1ea3 v\u00e0 d\u1ec5 d\u00e0ng h\u01a1n \u0111\u1ed1i v\u1edbi t\u1ea5t c\u1ea3 c\u00e1c Kh\u1ed1i\/ Ph\u00f2ng\/ B\u1ed9 ph\u1eadn.<\/p>\n","protected":false},"author":3,"featured_media":0,"parent":0,"menu_order":0,"comment_status":"closed","ping_status":"closed","template":"","meta":{"_acf_changed":false,"footnotes":""},"class_list":["post-2885","page","type-page","status-publish","hentry"],"acf":[],"_links":{"self":[{"href":"https:\/\/canifa.com\/tuyen-dung\/wp-json\/wp\/v2\/pages\/2885","targetHints":{"allow":["GET"]}}],"collection":[{"href":"https:\/\/canifa.com\/tuyen-dung\/wp-json\/wp\/v2\/pages"}],"about":[{"href":"https:\/\/canifa.com\/tuyen-dung\/wp-json\/wp\/v2\/types\/page"}],"author":[{"embeddable":true,"href":"https:\/\/canifa.com\/tuyen-dung\/wp-json\/wp\/v2\/users\/3"}],"replies":[{"embeddable":true,"href":"https:\/\/canifa.com\/tuyen-dung\/wp-json\/wp\/v2\/comments?post=2885"}],"version-history":[{"count":1,"href":"https:\/\/canifa.com\/tuyen-dung\/wp-json\/wp\/v2\/pages\/2885\/revisions"}],"predecessor-version":[{"id":2888,"href":"https:\/\/canifa.com\/tuyen-dung\/wp-json\/wp\/v2\/pages\/2885\/revisions\/2888"}],"wp:attachment":[{"href":"https:\/\/canifa.com\/tuyen-dung\/wp-json\/wp\/v2\/media?parent=2885"}],"curies":[{"name":"wp","href":"https:\/\/api.w.org\/{rel}","templated":true}]}}