{"id":3789,"date":"2024-08-23T03:02:17","date_gmt":"2024-08-23T03:02:17","guid":{"rendered":"\/tuyen-dung\/?page_id=3789"},"modified":"2024-08-23T03:02:17","modified_gmt":"2024-08-23T03:02:17","slug":"team-building-2024-close-to-know","status":"publish","type":"page","link":"https:\/\/canifa.com\/tuyen-dung\/team-building-2024-close-to-know\/","title":{"rendered":"TEAM BUILDING 2024 &#8211; CLOSE TO KNOW"},"content":{"rendered":"\n<div class=\"wp-block-cover is-light is-layout-flow wp-block-cover-is-layout-flow\" style=\"min-height:589px;aspect-ratio:unset;\"><span aria-hidden=\"true\" class=\"wp-block-cover__background has-background-dim\"><\/span><img fetchpriority=\"high\" decoding=\"async\" width=\"2048\" height=\"1365\" class=\"wp-block-cover__image-background wp-image-3790\" alt=\"\" src=\"https:\/\/canifa.com\/tuyen-dung\/wp-content\/uploads\/2024\/08\/453014372_10221821115791790_4392307840304122709_n-1.jpg\" data-object-fit=\"cover\" srcset=\"https:\/\/canifa.com\/tuyen-dung\/wp-content\/uploads\/2024\/08\/453014372_10221821115791790_4392307840304122709_n-1.jpg 2048w, https:\/\/canifa.com\/tuyen-dung\/wp-content\/uploads\/2024\/08\/453014372_10221821115791790_4392307840304122709_n-1-300x200.jpg 300w, https:\/\/canifa.com\/tuyen-dung\/wp-content\/uploads\/2024\/08\/453014372_10221821115791790_4392307840304122709_n-1-1024x683.jpg 1024w, https:\/\/canifa.com\/tuyen-dung\/wp-content\/uploads\/2024\/08\/453014372_10221821115791790_4392307840304122709_n-1-768x512.jpg 768w, https:\/\/canifa.com\/tuyen-dung\/wp-content\/uploads\/2024\/08\/453014372_10221821115791790_4392307840304122709_n-1-1536x1024.jpg 1536w, https:\/\/canifa.com\/tuyen-dung\/wp-content\/uploads\/2024\/08\/453014372_10221821115791790_4392307840304122709_n-1-1200x800.jpg 1200w, https:\/\/canifa.com\/tuyen-dung\/wp-content\/uploads\/2024\/08\/453014372_10221821115791790_4392307840304122709_n-1-400x267.jpg 400w, https:\/\/canifa.com\/tuyen-dung\/wp-content\/uploads\/2024\/08\/453014372_10221821115791790_4392307840304122709_n-1-130x87.jpg 130w\" sizes=\"(max-width: 2048px) 100vw, 2048px\" \/><div class=\"wp-block-cover__inner-container\"><\/div><\/div>\n\n\n\n<blockquote class=\"wp-block-quote is-style-large is-layout-flow wp-block-quote-is-layout-flow\">\n<p><\/p>\n<cite>Sau bao n\u1ed7 l\u1ef1c, c\u1ed1 g\u1eafng cho 6 th\u00e1ng \u0111\u1ea7u n\u0103m, \u0111\u00e2y l\u00e0 l\u00fac to\u00e0n b\u1ed9 Canifa-ers s\u1ebd c\u00f9ng t\u1eadn h\u01b0\u1edfng c\u00e1c kho\u1ea3nh kh\u1eafc vui v\u1ebb b\u00ean nhau, \u0111\u1ec3 xua \u0111i b\u1edbt c\u00e1i n\u00f3ng h\u00e8 c\u0169ng nh\u01b0 nh\u00e2n 2 tinh th\u1ea7n \u0111o\u00e0n k\u1ebft, g\u1ea5p 3 s\u1ef1 k\u1ebft n\u1ed1i v\u1edbi ho\u1ea1t \u0111\u1ed9ng Team building 2024..<\/cite><\/blockquote>\n\n\n\n<figure class=\"wp-block-gallery has-nested-images columns-default is-cropped wp-block-gallery-1 is-layout-flex wp-block-gallery-is-layout-flex\">\n<figure class=\"wp-block-image size-full\"><img decoding=\"async\" width=\"1170\" height=\"879\" data-id=\"3793\" src=\"https:\/\/canifa.com\/tuyen-dung\/wp-content\/uploads\/2024\/08\/453348674_8760065174010407_7125170822462658626_n.jpg\" alt=\"\" class=\"wp-image-3793\" srcset=\"https:\/\/canifa.com\/tuyen-dung\/wp-content\/uploads\/2024\/08\/453348674_8760065174010407_7125170822462658626_n.jpg 1170w, https:\/\/canifa.com\/tuyen-dung\/wp-content\/uploads\/2024\/08\/453348674_8760065174010407_7125170822462658626_n-300x225.jpg 300w, https:\/\/canifa.com\/tuyen-dung\/wp-content\/uploads\/2024\/08\/453348674_8760065174010407_7125170822462658626_n-1024x769.jpg 1024w, https:\/\/canifa.com\/tuyen-dung\/wp-content\/uploads\/2024\/08\/453348674_8760065174010407_7125170822462658626_n-768x577.jpg 768w, https:\/\/canifa.com\/tuyen-dung\/wp-content\/uploads\/2024\/08\/453348674_8760065174010407_7125170822462658626_n-400x301.jpg 400w, https:\/\/canifa.com\/tuyen-dung\/wp-content\/uploads\/2024\/08\/453348674_8760065174010407_7125170822462658626_n-130x98.jpg 130w\" sizes=\"(max-width: 1170px) 100vw, 1170px\" \/><\/figure>\n\n\n\n<figure class=\"wp-block-image size-large\"><img decoding=\"async\" width=\"1024\" height=\"683\" data-id=\"3794\" src=\"https:\/\/canifa.com\/tuyen-dung\/wp-content\/uploads\/2024\/08\/453014372_10221821115791790_4392307840304122709_n-2-1024x683.jpg\" alt=\"\" class=\"wp-image-3794\" srcset=\"https:\/\/canifa.com\/tuyen-dung\/wp-content\/uploads\/2024\/08\/453014372_10221821115791790_4392307840304122709_n-2-1024x683.jpg 1024w, https:\/\/canifa.com\/tuyen-dung\/wp-content\/uploads\/2024\/08\/453014372_10221821115791790_4392307840304122709_n-2-300x200.jpg 300w, https:\/\/canifa.com\/tuyen-dung\/wp-content\/uploads\/2024\/08\/453014372_10221821115791790_4392307840304122709_n-2-768x512.jpg 768w, https:\/\/canifa.com\/tuyen-dung\/wp-content\/uploads\/2024\/08\/453014372_10221821115791790_4392307840304122709_n-2-1536x1024.jpg 1536w, https:\/\/canifa.com\/tuyen-dung\/wp-content\/uploads\/2024\/08\/453014372_10221821115791790_4392307840304122709_n-2-1200x800.jpg 1200w, https:\/\/canifa.com\/tuyen-dung\/wp-content\/uploads\/2024\/08\/453014372_10221821115791790_4392307840304122709_n-2-400x267.jpg 400w, https:\/\/canifa.com\/tuyen-dung\/wp-content\/uploads\/2024\/08\/453014372_10221821115791790_4392307840304122709_n-2-130x87.jpg 130w, https:\/\/canifa.com\/tuyen-dung\/wp-content\/uploads\/2024\/08\/453014372_10221821115791790_4392307840304122709_n-2.jpg 2048w\" sizes=\"(max-width: 1024px) 100vw, 1024px\" \/><\/figure>\n\n\n\n<figure class=\"wp-block-image size-large\"><img loading=\"lazy\" decoding=\"async\" width=\"1024\" height=\"768\" data-id=\"3795\" src=\"https:\/\/canifa.com\/tuyen-dung\/wp-content\/uploads\/2024\/08\/367445417_3608640219393684_4858714571796394696_n-1024x768.jpg\" alt=\"\" class=\"wp-image-3795\" srcset=\"https:\/\/canifa.com\/tuyen-dung\/wp-content\/uploads\/2024\/08\/367445417_3608640219393684_4858714571796394696_n-1024x768.jpg 1024w, https:\/\/canifa.com\/tuyen-dung\/wp-content\/uploads\/2024\/08\/367445417_3608640219393684_4858714571796394696_n-300x225.jpg 300w, https:\/\/canifa.com\/tuyen-dung\/wp-content\/uploads\/2024\/08\/367445417_3608640219393684_4858714571796394696_n-768x576.jpg 768w, https:\/\/canifa.com\/tuyen-dung\/wp-content\/uploads\/2024\/08\/367445417_3608640219393684_4858714571796394696_n-1536x1152.jpg 1536w, https:\/\/canifa.com\/tuyen-dung\/wp-content\/uploads\/2024\/08\/367445417_3608640219393684_4858714571796394696_n-1200x900.jpg 1200w, https:\/\/canifa.com\/tuyen-dung\/wp-content\/uploads\/2024\/08\/367445417_3608640219393684_4858714571796394696_n-400x300.jpg 400w, https:\/\/canifa.com\/tuyen-dung\/wp-content\/uploads\/2024\/08\/367445417_3608640219393684_4858714571796394696_n-130x98.jpg 130w, https:\/\/canifa.com\/tuyen-dung\/wp-content\/uploads\/2024\/08\/367445417_3608640219393684_4858714571796394696_n.jpg 2048w\" sizes=\"(max-width: 1024px) 100vw, 1024px\" \/><\/figure>\n<\/figure>\n\n\n\n<blockquote class=\"wp-block-quote is-style-large is-layout-flow wp-block-quote-is-layout-flow\">\n<p><\/p>\n<cite>V\u1edbi ch\u1ee7 \u0111\u1ec1 n\u0103m nay &#8211; CLOSE TO KNOW, Canifa mong mu\u1ed1n th\u00f4ng qua ho\u1ea1t \u0111\u1ed9ng n\u00e0y, c\u00e1c th\u00e0nh vi\u00ean s\u1ebd \u201cb\u1ecf t\u00fai\u201d th\u00eam \u00edt nh\u1ea5t 01 ng\u01b0\u1eddi b\u1ea1n, \u0111\u1ed3ng nghi\u1ec7p c\u00f9ng t\u00e2m t\u00ecnh, c\u00f9ng h\u1ed7 tr\u1ee3 v\u00e0 k\u1ec1 vai s\u00e1t c\u00e1nh b\u01b0\u1edbc qua m\u1ecdi m\u1ee5c ti\u00eau m\u1edbi cho n\u0103m nay.!<\/cite><\/blockquote>\n\n\n\n<figure class=\"wp-block-gallery has-nested-images columns-default is-cropped wp-block-gallery-2 is-layout-flex wp-block-gallery-is-layout-flex\">\n<figure class=\"wp-block-image size-large\"><img loading=\"lazy\" decoding=\"async\" width=\"1024\" height=\"683\" data-id=\"3796\" src=\"https:\/\/canifa.com\/tuyen-dung\/wp-content\/uploads\/2024\/08\/453739523_10221821118671862_7906489389477671687_n-1024x683.jpg\" alt=\"\" class=\"wp-image-3796\" srcset=\"https:\/\/canifa.com\/tuyen-dung\/wp-content\/uploads\/2024\/08\/453739523_10221821118671862_7906489389477671687_n-1024x683.jpg 1024w, https:\/\/canifa.com\/tuyen-dung\/wp-content\/uploads\/2024\/08\/453739523_10221821118671862_7906489389477671687_n-300x200.jpg 300w, https:\/\/canifa.com\/tuyen-dung\/wp-content\/uploads\/2024\/08\/453739523_10221821118671862_7906489389477671687_n-768x512.jpg 768w, https:\/\/canifa.com\/tuyen-dung\/wp-content\/uploads\/2024\/08\/453739523_10221821118671862_7906489389477671687_n-1536x1024.jpg 1536w, https:\/\/canifa.com\/tuyen-dung\/wp-content\/uploads\/2024\/08\/453739523_10221821118671862_7906489389477671687_n-1200x800.jpg 1200w, https:\/\/canifa.com\/tuyen-dung\/wp-content\/uploads\/2024\/08\/453739523_10221821118671862_7906489389477671687_n-400x267.jpg 400w, https:\/\/canifa.com\/tuyen-dung\/wp-content\/uploads\/2024\/08\/453739523_10221821118671862_7906489389477671687_n-130x87.jpg 130w, https:\/\/canifa.com\/tuyen-dung\/wp-content\/uploads\/2024\/08\/453739523_10221821118671862_7906489389477671687_n.jpg 2048w\" sizes=\"(max-width: 1024px) 100vw, 1024px\" \/><\/figure>\n\n\n\n<figure class=\"wp-block-image size-large\"><img loading=\"lazy\" decoding=\"async\" width=\"1024\" height=\"574\" data-id=\"3797\" src=\"https:\/\/canifa.com\/tuyen-dung\/wp-content\/uploads\/2024\/08\/450536709_7885115188276401_7619788774188676005_n-1024x574.jpg\" alt=\"\" class=\"wp-image-3797\" srcset=\"https:\/\/canifa.com\/tuyen-dung\/wp-content\/uploads\/2024\/08\/450536709_7885115188276401_7619788774188676005_n-1024x574.jpg 1024w, https:\/\/canifa.com\/tuyen-dung\/wp-content\/uploads\/2024\/08\/450536709_7885115188276401_7619788774188676005_n-300x168.jpg 300w, https:\/\/canifa.com\/tuyen-dung\/wp-content\/uploads\/2024\/08\/450536709_7885115188276401_7619788774188676005_n-768x431.jpg 768w, https:\/\/canifa.com\/tuyen-dung\/wp-content\/uploads\/2024\/08\/450536709_7885115188276401_7619788774188676005_n-1536x861.jpg 1536w, https:\/\/canifa.com\/tuyen-dung\/wp-content\/uploads\/2024\/08\/450536709_7885115188276401_7619788774188676005_n-1200x673.jpg 1200w, https:\/\/canifa.com\/tuyen-dung\/wp-content\/uploads\/2024\/08\/450536709_7885115188276401_7619788774188676005_n-400x224.jpg 400w, https:\/\/canifa.com\/tuyen-dung\/wp-content\/uploads\/2024\/08\/450536709_7885115188276401_7619788774188676005_n-130x73.jpg 130w, https:\/\/canifa.com\/tuyen-dung\/wp-content\/uploads\/2024\/08\/450536709_7885115188276401_7619788774188676005_n.jpg 2048w\" sizes=\"(max-width: 1024px) 100vw, 1024px\" \/><\/figure>\n<\/figure>\n\n\n\n<blockquote class=\"wp-block-quote is-style-large is-layout-flow wp-block-quote-is-layout-flow\">\n<p><\/p>\n<cite>M\u1ed7i th\u00e0nh vi\u00ean \u0111\u1ebfn t\u1eeb t\u1ea5t c\u1ea3 c\u00e1c ph\u00f2ng ban, b\u1ed9 ph\u1eadn hay t\u1eeb kh\u1eafp c\u00e1c c\u1eeda h\u00e0ng tr\u00ean to\u00e0n qu\u1ed1c s\u1ebd c\u00f9ng nhau x\u00e1ch balo v\u00e0 \u0111i \u0111\u1ebfn v\u00f9ng bi\u1ec3n xinh \u0111\u1eb9p, tham gia tr\u1ea3i nghi\u1ec7m r\u1ea5t nhi\u1ec1u tr\u00f2 ch\u01a1i team building c\u00f9ng \u0111\u1ed3ng \u0111\u1ed9i c\u1ee7a m\u00ecnh. C\u00e1c tr\u00f2 ch\u01a1i, c\u00e1c th\u1eed th\u00e1ch kh\u00f3 nh\u1eb1n d\u01b0\u1eddng nh\u01b0 kh\u00f4ng ng\u0103n \u0111\u01b0\u1ee3c tinh th\u1ea7n quy\u1ebft t\u00e2m t\u1eeb c\u00e1c \u0111\u1ed9i.<br><\/cite><\/blockquote>\n\n\n\n<figure class=\"wp-block-gallery has-nested-images columns-default is-cropped wp-block-gallery-3 is-layout-flex wp-block-gallery-is-layout-flex\">\n<figure class=\"wp-block-image size-large\"><img loading=\"lazy\" decoding=\"async\" width=\"1024\" height=\"683\" data-id=\"3798\" src=\"https:\/\/canifa.com\/tuyen-dung\/wp-content\/uploads\/2024\/08\/453253322_26209505668663996_6595938217388512947_n-1024x683.jpg\" alt=\"\" class=\"wp-image-3798\" srcset=\"https:\/\/canifa.com\/tuyen-dung\/wp-content\/uploads\/2024\/08\/453253322_26209505668663996_6595938217388512947_n-1024x683.jpg 1024w, https:\/\/canifa.com\/tuyen-dung\/wp-content\/uploads\/2024\/08\/453253322_26209505668663996_6595938217388512947_n-300x200.jpg 300w, https:\/\/canifa.com\/tuyen-dung\/wp-content\/uploads\/2024\/08\/453253322_26209505668663996_6595938217388512947_n-768x512.jpg 768w, https:\/\/canifa.com\/tuyen-dung\/wp-content\/uploads\/2024\/08\/453253322_26209505668663996_6595938217388512947_n-1536x1024.jpg 1536w, https:\/\/canifa.com\/tuyen-dung\/wp-content\/uploads\/2024\/08\/453253322_26209505668663996_6595938217388512947_n-1200x800.jpg 1200w, https:\/\/canifa.com\/tuyen-dung\/wp-content\/uploads\/2024\/08\/453253322_26209505668663996_6595938217388512947_n-400x267.jpg 400w, https:\/\/canifa.com\/tuyen-dung\/wp-content\/uploads\/2024\/08\/453253322_26209505668663996_6595938217388512947_n-130x87.jpg 130w, https:\/\/canifa.com\/tuyen-dung\/wp-content\/uploads\/2024\/08\/453253322_26209505668663996_6595938217388512947_n.jpg 2048w\" sizes=\"(max-width: 1024px) 100vw, 1024px\" \/><\/figure>\n\n\n\n<figure class=\"wp-block-image size-large\"><img loading=\"lazy\" decoding=\"async\" width=\"1024\" height=\"683\" data-id=\"3799\" src=\"https:\/\/canifa.com\/tuyen-dung\/wp-content\/uploads\/2024\/08\/453509271_10221821118951869_6204833262850851189_n-1024x683.jpg\" alt=\"\" class=\"wp-image-3799\" srcset=\"https:\/\/canifa.com\/tuyen-dung\/wp-content\/uploads\/2024\/08\/453509271_10221821118951869_6204833262850851189_n-1024x683.jpg 1024w, https:\/\/canifa.com\/tuyen-dung\/wp-content\/uploads\/2024\/08\/453509271_10221821118951869_6204833262850851189_n-300x200.jpg 300w, https:\/\/canifa.com\/tuyen-dung\/wp-content\/uploads\/2024\/08\/453509271_10221821118951869_6204833262850851189_n-768x512.jpg 768w, https:\/\/canifa.com\/tuyen-dung\/wp-content\/uploads\/2024\/08\/453509271_10221821118951869_6204833262850851189_n-1536x1024.jpg 1536w, https:\/\/canifa.com\/tuyen-dung\/wp-content\/uploads\/2024\/08\/453509271_10221821118951869_6204833262850851189_n-1200x800.jpg 1200w, https:\/\/canifa.com\/tuyen-dung\/wp-content\/uploads\/2024\/08\/453509271_10221821118951869_6204833262850851189_n-400x267.jpg 400w, https:\/\/canifa.com\/tuyen-dung\/wp-content\/uploads\/2024\/08\/453509271_10221821118951869_6204833262850851189_n-130x87.jpg 130w, https:\/\/canifa.com\/tuyen-dung\/wp-content\/uploads\/2024\/08\/453509271_10221821118951869_6204833262850851189_n.jpg 2048w\" sizes=\"(max-width: 1024px) 100vw, 1024px\" \/><\/figure>\n\n\n\n<figure class=\"wp-block-image size-large\"><img loading=\"lazy\" decoding=\"async\" width=\"1024\" height=\"683\" data-id=\"3800\" src=\"https:\/\/canifa.com\/tuyen-dung\/wp-content\/uploads\/2024\/08\/453503760_10221821115871792_9081832414741587499_n-1024x683.jpg\" alt=\"\" class=\"wp-image-3800\" srcset=\"https:\/\/canifa.com\/tuyen-dung\/wp-content\/uploads\/2024\/08\/453503760_10221821115871792_9081832414741587499_n-1024x683.jpg 1024w, https:\/\/canifa.com\/tuyen-dung\/wp-content\/uploads\/2024\/08\/453503760_10221821115871792_9081832414741587499_n-300x200.jpg 300w, https:\/\/canifa.com\/tuyen-dung\/wp-content\/uploads\/2024\/08\/453503760_10221821115871792_9081832414741587499_n-768x512.jpg 768w, https:\/\/canifa.com\/tuyen-dung\/wp-content\/uploads\/2024\/08\/453503760_10221821115871792_9081832414741587499_n-1536x1024.jpg 1536w, https:\/\/canifa.com\/tuyen-dung\/wp-content\/uploads\/2024\/08\/453503760_10221821115871792_9081832414741587499_n-1200x800.jpg 1200w, https:\/\/canifa.com\/tuyen-dung\/wp-content\/uploads\/2024\/08\/453503760_10221821115871792_9081832414741587499_n-400x267.jpg 400w, https:\/\/canifa.com\/tuyen-dung\/wp-content\/uploads\/2024\/08\/453503760_10221821115871792_9081832414741587499_n-130x87.jpg 130w, https:\/\/canifa.com\/tuyen-dung\/wp-content\/uploads\/2024\/08\/453503760_10221821115871792_9081832414741587499_n.jpg 2048w\" sizes=\"(max-width: 1024px) 100vw, 1024px\" \/><\/figure>\n<\/figure>\n\n\n\n<blockquote class=\"wp-block-quote has-text-align-right is-style-large is-layout-flow wp-block-quote-is-layout-flow\">\n<p><\/p>\n<cite>Sau khi k\u1ebft th\u00fac ph\u1ea7n chi\u1ebfn \u0111\u1ea5u r\u1ef1c l\u1eeda tr\u00ean b\u00e3i bi\u1ec3n, c\u00e1c th\u00e0nh vi\u00ean s\u1ebd c\u00f9ng tham gia m\u1ed9t bu\u1ed5i Gala v\u00f4 c\u00f9ng \u0111\u00e1ng nh\u1edb. T\u1ea5t c\u1ea3 c\u00f9ng nhau n\u00e2ng ly ch\u00fac m\u1eebng cho th\u00e0nh t\u00edch, n\u1ed7 l\u1ef1c c\u1ee7a m\u00ecnh v\u00e0 c\u00e1c CNBV ti\u00eau bi\u1ec3u trong su\u1ed1t 6 th\u00e1ng \u0111\u1ea7u n\u0103m v\u1eeba qua.Ch\u1eafc ch\u1eafn r\u1eb1ng, nh\u1eefng \u0111\u00f3a hoa, nh\u1eefng m\u00f3n qu\u00e0 hay nh\u1eefng l\u1eddi ch\u00fac s\u1ebd l\u00e0 ngu\u1ed3n \u0111\u1ed9ng l\u1ef1c \u0111\u1ec3 Canifa-ers s\u1ebd m\u1ea1nh m\u1ebd chi\u1ebfn \u0111\u1ea5u trong ch\u1eb7ng \u0111\u01b0\u1eddng ti\u1ebfp theo.<\/cite><\/blockquote>\n\n\n\n<figure class=\"wp-block-image size-large\"><img loading=\"lazy\" decoding=\"async\" width=\"1024\" height=\"683\" src=\"https:\/\/canifa.com\/tuyen-dung\/wp-content\/uploads\/2024\/08\/452910485_26209493148665248_7098331065605472662_n-1024x683.jpg\" alt=\"\" class=\"wp-image-3791\" srcset=\"https:\/\/canifa.com\/tuyen-dung\/wp-content\/uploads\/2024\/08\/452910485_26209493148665248_7098331065605472662_n-1024x683.jpg 1024w, https:\/\/canifa.com\/tuyen-dung\/wp-content\/uploads\/2024\/08\/452910485_26209493148665248_7098331065605472662_n-300x200.jpg 300w, https:\/\/canifa.com\/tuyen-dung\/wp-content\/uploads\/2024\/08\/452910485_26209493148665248_7098331065605472662_n-768x512.jpg 768w, https:\/\/canifa.com\/tuyen-dung\/wp-content\/uploads\/2024\/08\/452910485_26209493148665248_7098331065605472662_n-1536x1024.jpg 1536w, https:\/\/canifa.com\/tuyen-dung\/wp-content\/uploads\/2024\/08\/452910485_26209493148665248_7098331065605472662_n-1200x800.jpg 1200w, https:\/\/canifa.com\/tuyen-dung\/wp-content\/uploads\/2024\/08\/452910485_26209493148665248_7098331065605472662_n-400x267.jpg 400w, https:\/\/canifa.com\/tuyen-dung\/wp-content\/uploads\/2024\/08\/452910485_26209493148665248_7098331065605472662_n-130x87.jpg 130w, https:\/\/canifa.com\/tuyen-dung\/wp-content\/uploads\/2024\/08\/452910485_26209493148665248_7098331065605472662_n.jpg 2048w\" sizes=\"(max-width: 1024px) 100vw, 1024px\" \/><\/figure>\n\n\n\n<p>&#8220;Team building 2024 &#8211; Close to Know&#8221; kh\u00f4ng ch\u1ec9 l\u00e0 m\u1ed9t ng\u00e0y h\u1ed9i m\u00e0 c\u00f2n l\u00e0 c\u01a1 h\u1ed9i \u0111\u1ec3 m\u1ecdi ng\u01b0\u1eddi g\u1eafn k\u1ebft, t\u1ea1o n\u00ean nh\u1eefng k\u1ef7 ni\u1ec7m \u0111\u1eb9p b\u00ean nhau.<\/p>\n","protected":false},"excerpt":{"rendered":"<p>Sau bao n\u1ed7 l\u1ef1c, c\u1ed1 g\u1eafng cho 6 th\u00e1ng \u0111\u1ea7u n\u0103m, \u0111\u00e2y l\u00e0 l\u00fac to\u00e0n b\u1ed9 Canifa-ers s\u1ebd c\u00f9ng t\u1eadn h\u01b0\u1edfng c\u00e1c kho\u1ea3nh kh\u1eafc vui v\u1ebb b\u00ean nhau, \u0111\u1ec3 xua \u0111i b\u1edbt c\u00e1i n\u00f3ng h\u00e8 c\u0169ng nh\u01b0 nh\u00e2n 2 tinh th\u1ea7n \u0111o\u00e0n k\u1ebft, g\u1ea5p 3 s\u1ef1 k\u1ebft n\u1ed1i v\u1edbi ho\u1ea1t \u0111\u1ed9ng Team building 2024.. V\u1edbi [&hellip;]<\/p>\n","protected":false},"author":4,"featured_media":0,"parent":0,"menu_order":0,"comment_status":"closed","ping_status":"closed","template":"","meta":{"_acf_changed":false,"footnotes":""},"class_list":["post-3789","page","type-page","status-publish","hentry"],"acf":[],"_links":{"self":[{"href":"https:\/\/canifa.com\/tuyen-dung\/wp-json\/wp\/v2\/pages\/3789","targetHints":{"allow":["GET"]}}],"collection":[{"href":"https:\/\/canifa.com\/tuyen-dung\/wp-json\/wp\/v2\/pages"}],"about":[{"href":"https:\/\/canifa.com\/tuyen-dung\/wp-json\/wp\/v2\/types\/page"}],"author":[{"embeddable":true,"href":"https:\/\/canifa.com\/tuyen-dung\/wp-json\/wp\/v2\/users\/4"}],"replies":[{"embeddable":true,"href":"https:\/\/canifa.com\/tuyen-dung\/wp-json\/wp\/v2\/comments?post=3789"}],"version-history":[{"count":1,"href":"https:\/\/canifa.com\/tuyen-dung\/wp-json\/wp\/v2\/pages\/3789\/revisions"}],"predecessor-version":[{"id":3801,"href":"https:\/\/canifa.com\/tuyen-dung\/wp-json\/wp\/v2\/pages\/3789\/revisions\/3801"}],"wp:attachment":[{"href":"https:\/\/canifa.com\/tuyen-dung\/wp-json\/wp\/v2\/media?parent=3789"}],"curies":[{"name":"wp","href":"https:\/\/api.w.org\/{rel}","templated":true}]}}