{"id":3834,"date":"2024-08-26T03:10:11","date_gmt":"2024-08-26T03:10:11","guid":{"rendered":"\/tuyen-dung\/?page_id=3834"},"modified":"2024-08-26T03:10:11","modified_gmt":"2024-08-26T03:10:11","slug":"kham-suc-khoe-dinh-ki-2024","status":"publish","type":"page","link":"https:\/\/canifa.com\/tuyen-dung\/kham-suc-khoe-dinh-ki-2024\/","title":{"rendered":"KH\u00c1M S\u1ee8C KH\u1eceE \u0110\u1ecaNH K\u00cc 2024"},"content":{"rendered":"\n<figure class=\"wp-block-image size-large\"><img fetchpriority=\"high\" decoding=\"async\" width=\"1024\" height=\"768\" src=\"https:\/\/canifa.com\/tuyen-dung\/wp-content\/uploads\/2024\/08\/z5756447070534_89f564e83b0742e89840ff200c9f527c-1-1024x768.jpg\" alt=\"\" class=\"wp-image-3835\" srcset=\"https:\/\/canifa.com\/tuyen-dung\/wp-content\/uploads\/2024\/08\/z5756447070534_89f564e83b0742e89840ff200c9f527c-1-1024x768.jpg 1024w, https:\/\/canifa.com\/tuyen-dung\/wp-content\/uploads\/2024\/08\/z5756447070534_89f564e83b0742e89840ff200c9f527c-1-300x225.jpg 300w, https:\/\/canifa.com\/tuyen-dung\/wp-content\/uploads\/2024\/08\/z5756447070534_89f564e83b0742e89840ff200c9f527c-1-768x576.jpg 768w, https:\/\/canifa.com\/tuyen-dung\/wp-content\/uploads\/2024\/08\/z5756447070534_89f564e83b0742e89840ff200c9f527c-1-1536x1152.jpg 1536w, https:\/\/canifa.com\/tuyen-dung\/wp-content\/uploads\/2024\/08\/z5756447070534_89f564e83b0742e89840ff200c9f527c-1-2048x1536.jpg 2048w, https:\/\/canifa.com\/tuyen-dung\/wp-content\/uploads\/2024\/08\/z5756447070534_89f564e83b0742e89840ff200c9f527c-1-1200x900.jpg 1200w, https:\/\/canifa.com\/tuyen-dung\/wp-content\/uploads\/2024\/08\/z5756447070534_89f564e83b0742e89840ff200c9f527c-1-400x300.jpg 400w, https:\/\/canifa.com\/tuyen-dung\/wp-content\/uploads\/2024\/08\/z5756447070534_89f564e83b0742e89840ff200c9f527c-1-130x98.jpg 130w\" sizes=\"(max-width: 1024px) 100vw, 1024px\" \/><\/figure>\n\n\n\n<blockquote class=\"wp-block-quote is-layout-flow wp-block-quote-is-layout-flow\">\n<p>\u0110\u1ec3 x\u00e2y d\u1ef1ng m\u1ed9t \u0111\u1ed9i ng\u0169 nh\u00e2n vi\u00ean kh\u1ecfe m\u1ea1nh v\u00e0 n\u0103ng \u0111\u1ed9ng, Canifa lu\u00f4n ch\u00fa tr\u1ecdng \u0111\u1ebfn vi\u1ec7c ch\u0103m s\u00f3c s\u1ee9c kh\u1ecfe. V\u00ec v\u1eady, ch\u01b0\u01a1ng tr\u00ecnh kh\u00e1m s\u1ee9c kh\u1ecfe \u0111\u1ecbnh k\u1ef3 h\u00e0ng n\u0103m \u0111\u01b0\u1ee3c t\u1ed5 ch\u1ee9c nh\u1eb1m gi\u00fap nh\u00e2n vi\u00ean ph\u00e1t hi\u1ec7n s\u1edbm c\u00e1c b\u1ec7nh l\u00fd ti\u1ec1m \u1ea9n v\u00e0 n\u00e2ng cao ch\u1ea5t l\u01b0\u1ee3ng cu\u1ed9c s\u1ed1ng.<\/p>\n\n\n\n<figure class=\"wp-block-image size-large\"><img decoding=\"async\" width=\"768\" height=\"1024\" src=\"https:\/\/canifa.com\/tuyen-dung\/wp-content\/uploads\/2024\/08\/z5756447807170_d4aaa0a121f440a0bce7cc4571d27437-768x1024.jpg\" alt=\"\" class=\"wp-image-3836\" srcset=\"https:\/\/canifa.com\/tuyen-dung\/wp-content\/uploads\/2024\/08\/z5756447807170_d4aaa0a121f440a0bce7cc4571d27437-768x1024.jpg 768w, https:\/\/canifa.com\/tuyen-dung\/wp-content\/uploads\/2024\/08\/z5756447807170_d4aaa0a121f440a0bce7cc4571d27437-225x300.jpg 225w, https:\/\/canifa.com\/tuyen-dung\/wp-content\/uploads\/2024\/08\/z5756447807170_d4aaa0a121f440a0bce7cc4571d27437-1152x1536.jpg 1152w, https:\/\/canifa.com\/tuyen-dung\/wp-content\/uploads\/2024\/08\/z5756447807170_d4aaa0a121f440a0bce7cc4571d27437-1200x1600.jpg 1200w, https:\/\/canifa.com\/tuyen-dung\/wp-content\/uploads\/2024\/08\/z5756447807170_d4aaa0a121f440a0bce7cc4571d27437-400x533.jpg 400w, https:\/\/canifa.com\/tuyen-dung\/wp-content\/uploads\/2024\/08\/z5756447807170_d4aaa0a121f440a0bce7cc4571d27437-130x173.jpg 130w, https:\/\/canifa.com\/tuyen-dung\/wp-content\/uploads\/2024\/08\/z5756447807170_d4aaa0a121f440a0bce7cc4571d27437.jpg 1536w\" sizes=\"(max-width: 768px) 100vw, 768px\" \/><\/figure>\n\n\n\n<p>Trong th\u00e1ng 6, to\u00e0n th\u1ec3 c\u00e1c th\u00e0nh vi\u00ean s\u1ebd \u0111\u01b0\u1ee3c kh\u00e1m s\u1ee9c kh\u1ecfe v\u1edbi l\u1ecbch \u0111\u00e3 \u0111\u01b0\u1ee3c th\u00f4ng b\u00e1o. Qua ch\u01b0\u01a1ng tr\u00ecnh kh\u00e1m s\u1ee9c kh\u1ecfe, c\u00f4ng ty mong mu\u1ed1n m\u1ed7i c\u00e1 nh\u00e2n s\u1ebd c\u00f3 m\u1ed9t c\u00e1i nh\u00ecn to\u00e0n di\u1ec7n v\u1ec1 s\u1ee9c kh\u1ecfe c\u1ee7a m\u00ecnh v\u00e0 c\u00f3 nh\u1eefng \u0111i\u1ec1u ch\u1ec9nh ph\u00f9 h\u1ee3p \u0111\u1ec3 c\u00f3 m\u1ed9t cu\u1ed9c s\u1ed1ng kh\u1ecfe m\u1ea1nh v\u00e0 n\u0103ng \u0111\u1ed9ng h\u01a1n.<\/p>\n<\/blockquote>\n\n\n\n<figure class=\"wp-block-image size-large\"><img decoding=\"async\" width=\"768\" height=\"1024\" src=\"https:\/\/canifa.com\/tuyen-dung\/wp-content\/uploads\/2024\/08\/z5756447759054_2108b70bb87db31cfde8387617e51321-1-768x1024.jpg\" alt=\"\" class=\"wp-image-3837\" srcset=\"https:\/\/canifa.com\/tuyen-dung\/wp-content\/uploads\/2024\/08\/z5756447759054_2108b70bb87db31cfde8387617e51321-1-768x1024.jpg 768w, https:\/\/canifa.com\/tuyen-dung\/wp-content\/uploads\/2024\/08\/z5756447759054_2108b70bb87db31cfde8387617e51321-1-225x300.jpg 225w, https:\/\/canifa.com\/tuyen-dung\/wp-content\/uploads\/2024\/08\/z5756447759054_2108b70bb87db31cfde8387617e51321-1-1152x1536.jpg 1152w, https:\/\/canifa.com\/tuyen-dung\/wp-content\/uploads\/2024\/08\/z5756447759054_2108b70bb87db31cfde8387617e51321-1-1200x1600.jpg 1200w, https:\/\/canifa.com\/tuyen-dung\/wp-content\/uploads\/2024\/08\/z5756447759054_2108b70bb87db31cfde8387617e51321-1-400x533.jpg 400w, https:\/\/canifa.com\/tuyen-dung\/wp-content\/uploads\/2024\/08\/z5756447759054_2108b70bb87db31cfde8387617e51321-1-130x173.jpg 130w, https:\/\/canifa.com\/tuyen-dung\/wp-content\/uploads\/2024\/08\/z5756447759054_2108b70bb87db31cfde8387617e51321-1.jpg 1536w\" sizes=\"(max-width: 768px) 100vw, 768px\" \/><\/figure>\n\n\n\n<blockquote class=\"wp-block-quote is-layout-flow wp-block-quote-is-layout-flow\">\n<p>M\u1ed9t s\u1ee9c kh\u1ecfe t\u1ed1t kh\u00f4ng ch\u1ec9 gi\u00fap ch\u00fang ta s\u1ed1ng vui v\u1ebb m\u00e0 c\u00f2n g\u00f3p ph\u1ea7n t\u0103ng n\u0103ng su\u1ea5t l\u00e0m vi\u1ec7c, gi\u1ea3m thi\u1ec3u c\u00e1c r\u1ee7i ro v\u1ec1 s\u1ee9c kh\u1ecfe ngh\u1ec1 nghi\u1ec7p v\u00e0 quan tr\u1ecdng nh\u1ea5t l\u00e0 y\u00ean t\u00e2m \u0111\u1ec3 l\u00e0m vi\u1ec7c m\u1ed7i ng\u00e0y.<\/p>\n<\/blockquote>\n\n\n\n<blockquote class=\"wp-block-quote is-layout-flow wp-block-quote-is-layout-flow\">\n<p><\/p>\n<\/blockquote>\n","protected":false},"excerpt":{"rendered":"<p>M\u1ed9t s\u1ee9c kh\u1ecfe t\u1ed1t kh\u00f4ng ch\u1ec9 gi\u00fap ch\u00fang ta s\u1ed1ng vui v\u1ebb m\u00e0 c\u00f2n g\u00f3p ph\u1ea7n t\u0103ng n\u0103ng su\u1ea5t l\u00e0m vi\u1ec7c, gi\u1ea3m thi\u1ec3u c\u00e1c r\u1ee7i ro v\u1ec1 s\u1ee9c kh\u1ecfe ngh\u1ec1 nghi\u1ec7p v\u00e0 quan tr\u1ecdng nh\u1ea5t l\u00e0 y\u00ean t\u00e2m \u0111\u1ec3 l\u00e0m vi\u1ec7c m\u1ed7i ng\u00e0y.<\/p>\n","protected":false},"author":4,"featured_media":0,"parent":0,"menu_order":0,"comment_status":"closed","ping_status":"closed","template":"","meta":{"_acf_changed":false,"footnotes":""},"class_list":["post-3834","page","type-page","status-publish","hentry"],"acf":[],"_links":{"self":[{"href":"https:\/\/canifa.com\/tuyen-dung\/wp-json\/wp\/v2\/pages\/3834","targetHints":{"allow":["GET"]}}],"collection":[{"href":"https:\/\/canifa.com\/tuyen-dung\/wp-json\/wp\/v2\/pages"}],"about":[{"href":"https:\/\/canifa.com\/tuyen-dung\/wp-json\/wp\/v2\/types\/page"}],"author":[{"embeddable":true,"href":"https:\/\/canifa.com\/tuyen-dung\/wp-json\/wp\/v2\/users\/4"}],"replies":[{"embeddable":true,"href":"https:\/\/canifa.com\/tuyen-dung\/wp-json\/wp\/v2\/comments?post=3834"}],"version-history":[{"count":1,"href":"https:\/\/canifa.com\/tuyen-dung\/wp-json\/wp\/v2\/pages\/3834\/revisions"}],"predecessor-version":[{"id":3838,"href":"https:\/\/canifa.com\/tuyen-dung\/wp-json\/wp\/v2\/pages\/3834\/revisions\/3838"}],"wp:attachment":[{"href":"https:\/\/canifa.com\/tuyen-dung\/wp-json\/wp\/v2\/media?parent=3834"}],"curies":[{"name":"wp","href":"https:\/\/api.w.org\/{rel}","templated":true}]}}