{"id":4271,"date":"2024-12-26T02:36:38","date_gmt":"2024-12-26T02:36:38","guid":{"rendered":"https:\/\/canifa.com\/tuyen-dung\/?page_id=4271"},"modified":"2024-12-26T02:36:38","modified_gmt":"2024-12-26T02:36:38","slug":"giang-sinh-am-ap-voi-dai-gia-dinh-canifa-onoff","status":"publish","type":"page","link":"https:\/\/canifa.com\/tuyen-dung\/giang-sinh-am-ap-voi-dai-gia-dinh-canifa-onoff\/","title":{"rendered":"GI\u00c1NG SINH \u1ea4M \u00c1P V\u1edaI \u0110\u1ea0I GIA \u0110\u00ccNH CANIFA &amp; ONOFF\u00a0"},"content":{"rendered":"\n<figure class=\"wp-block-image size-large\"><img decoding=\"async\" src=\"https:\/\/scontent.fhan1-1.fna.fbcdn.net\/v\/t39.30808-6\/471361072_1323315895669020_6198515572431040495_n.jpg?_nc_cat=103&amp;ccb=1-7&amp;_nc_sid=aa7b47&amp;_nc_eui2=AeFFSe_EHOuq_lifGXFKgOJ-X45huLJ2uC5fjmG4sna4Lu7-zV4Cek1Xp3iCHRmjFF6luJb5ss_N6_xiYtjdwrb1&amp;_nc_ohc=V4C2cKiJkQcQ7kNvgEjMc8Q&amp;_nc_zt=23&amp;_nc_ht=scontent.fhan1-1.fna&amp;_nc_gid=ARLqUZ3wepxUCrbUHMKI6dh&amp;oh=00_AYBw6HehxGHUiMqU0mxoasJgxGihpnVbPAs8lUgO2gMdRw&amp;oe=67727AE9\" alt=\"\"\/><\/figure>\n\n\n\n<p><img decoding=\"async\" height=\"16\" width=\"16\" alt=\"\ud83d\ude0d\" src=\"https:\/\/static.xx.fbcdn.net\/images\/emoji.php\/v9\/ta1\/2\/16\/1f60d.png\"><img decoding=\"async\" height=\"16\" width=\"16\" alt=\"\ud83d\udca5\" src=\"https:\/\/static.xx.fbcdn.net\/images\/emoji.php\/v9\/tdf\/2\/16\/1f4a5.png\">&nbsp;Kh\u00f4ng kh\u00ed Gi\u00e1ng Sinh \u0111\u00e3 ng\u1eadp tr\u00e0n hai v\u0103n ph\u00f2ng 170 La Th\u00e0nh v\u00e0 181 Gi\u1ea3ng V\u00f5 trong ng\u00e0y 24\/12, t\u1ea5t c\u1ea3 t\u1ea1o n\u00ean m\u1ed9t ng\u00e0y l\u1ec5 \u0111\u1ea7y \u00fd ngh\u0129a v\u00e0 g\u1eafn k\u1ebft cho \u0111\u1ea1i gia \u0111\u00ecnh Canifa &amp; OnOff. \u0110\u00e2y kh\u00f4ng ch\u1ec9 l\u00e0 d\u1ecbp \u0111\u1ec3 m\u1ecdi ng\u01b0\u1eddi c\u00f9ng nhau s\u1ebb chia ni\u1ec1m vui, m\u00e0 c\u00f2n l\u00e0 kho\u1ea3nh kh\u1eafc lan t\u1ecfa y\u00eau th\u01b0\u01a1ng trong t\u1eebng h\u00e0nh \u0111\u1ed9ng nh\u1ecf.<\/p>\n\n\n\n<figure class=\"wp-block-gallery has-nested-images columns-default is-cropped wp-block-gallery-1 is-layout-flex wp-block-gallery-is-layout-flex\">\n<figure class=\"wp-block-image size-large\"><img decoding=\"async\" src=\"https:\/\/scontent.fhan2-4.fna.fbcdn.net\/v\/t39.30808-6\/471228947_1323315775669032_2466116531878762038_n.jpg?_nc_cat=105&amp;ccb=1-7&amp;_nc_sid=aa7b47&amp;_nc_eui2=AeEiP0voKBea8Zki-ggv_CqRBgfzwALUGcsGB_PAAtQZy4bBoqeAB5Esa9gaPvXwhykNSVBMux2gmwJQh1j6BMtS&amp;_nc_ohc=b9uDzaVeMbEQ7kNvgFNvBjJ&amp;_nc_oc=Adhu9T0GHYs6_-o5Nq8VOseWQpDwV3C8g1xXzL9clFxwK0dVoa4FGgnHr5zgWYolrZo&amp;_nc_zt=23&amp;_nc_ht=scontent.fhan2-4.fna&amp;_nc_gid=Ae7JYr72Vu2LZuqzj0piI9q&amp;oh=00_AYAXLgmyro2QGl2n9PY_bNodx6bsr5HUfjkvj91NAu3CAA&amp;oe=67728153\" alt=\"\"\/><\/figure>\n\n\n\n<figure class=\"wp-block-image size-large\"><img decoding=\"async\" src=\"https:\/\/scontent.fhan20-1.fna.fbcdn.net\/v\/t39.30808-6\/471262530_1323316369002306_150925448222033012_n.jpg?_nc_cat=103&amp;ccb=1-7&amp;_nc_sid=aa7b47&amp;_nc_eui2=AeGykwzEMnxeQV-9aXrNIcxKghYaEowefpyCFhoSjB5-nFu34nSeQ8v3aPEi27d_umS4s2R6pSLa84T5now-YDgJ&amp;_nc_ohc=hSNk6KrjRy0Q7kNvgHn7RCF&amp;_nc_oc=AdjALSQmMU6iiWEyoCvl5jvRTPKJzjSNuaBRGr-K2-TskXfp8xLqEppcwB2umDfrB1U&amp;_nc_zt=23&amp;_nc_ht=scontent.fhan20-1.fna&amp;_nc_gid=Al27qs1UhJnOkjhIhxcPr2n&amp;oh=00_AYBiJQDxWJIfwwrLpZHNWhxWU2VZbyM_cZhzuuYN_5QgsA&amp;oe=6772AADB\" alt=\"\"\/><\/figure>\n\n\n\n<figure class=\"wp-block-image size-large\"><img decoding=\"async\" src=\"https:\/\/scontent.fhan2-5.fna.fbcdn.net\/v\/t39.30808-6\/471471283_1323317039002239_3208999271769755653_n.jpg?_nc_cat=104&amp;ccb=1-7&amp;_nc_sid=aa7b47&amp;_nc_eui2=AeH9qYIDKUoblKzaZwPB7eUXrBnXrKmTjBesGdesqZOMFxTqwCeDGAmI0gUAnWbDBJ3uzq2k80h376GmYwjFW1GS&amp;_nc_ohc=vNawudhS360Q7kNvgGXTQNf&amp;_nc_oc=Adh2_yrms2dv9WYcb9zBbrrLAdtkal_jsnGxsMQTkjtXY9oZreP2Mcg81rH8bSittPI&amp;_nc_zt=23&amp;_nc_ht=scontent.fhan2-5.fna&amp;_nc_gid=ANHWc5CuvyGSpMrnqDxc7S-&amp;oh=00_AYBUdU81OjAWn8_jH3L3L9aj2JyZlkCqarrzqSh81kO9Rw&amp;oe=67728E13\" alt=\"\"\/><\/figure>\n<\/figure>\n\n\n\n<p><img decoding=\"async\" height=\"16\" width=\"16\" alt=\"\ud83c\udf1f\" src=\"https:\/\/static.xx.fbcdn.net\/images\/emoji.php\/v9\/t7f\/2\/16\/1f31f.png\">&nbsp;Ngay t\u1eeb bu\u1ed5i chi\u1ec1u h\u00f4m tr\u01b0\u1edbc, ACE \u0111\u00e3 t\u1ea5t b\u1eadt chu\u1ea9n b\u1ecb nh\u1eefng m\u00f3n qu\u00e0 nh\u1ecf xinh k\u00e8m theo l\u1eddi ch\u00fac \u0111\u1ea7y t\u00ecnh c\u1ea3m, g\u1eedi \u0111\u1ebfn nh\u1eefng &#8220;ng\u01b0\u1eddi th\u01b0\u01a1ng&#8221;. M\u1ed7i m\u00f3n qu\u00e0 kh\u00f4ng ch\u1ec9 mang gi\u00e1 tr\u1ecb v\u1eadt ch\u1ea5t m\u00e0 c\u00f2n ch\u1ee9a \u0111\u1ef1ng s\u1ef1 quan t\u00e2m, t\u00ecnh c\u1ea3m ch\u00e2n th\u00e0nh m\u00e0 c\u00e1c th\u00e0nh vi\u00ean d\u00e0nh cho nhau.<\/p>\n\n\n\n<figure class=\"wp-block-gallery has-nested-images columns-default is-cropped wp-block-gallery-2 is-layout-flex wp-block-gallery-is-layout-flex\">\n<figure class=\"wp-block-image size-large\"><img decoding=\"async\" src=\"https:\/\/scontent.fhan2-5.fna.fbcdn.net\/v\/t39.30808-6\/471301023_1323316692335607_9076314608216755372_n.jpg?stp=cp6_dst-jpg_tt6&amp;_nc_cat=104&amp;ccb=1-7&amp;_nc_sid=aa7b47&amp;_nc_eui2=AeGB_tboMmW4DxafA3ILyWd3TuvbfpJoPjVO69t-kmg-NQ2m635hHWITayCBQ9jXihREglgdp-JbTi8rucsje9Y6&amp;_nc_ohc=p4COMVI0xXgQ7kNvgHpAOLO&amp;_nc_oc=AdiZSrNaUNPDTW1-hoJkFqLP1CqBGrAXYNRYPUCW8J6gyzDjdNieSrLv0kPOZGyMTqc&amp;_nc_zt=23&amp;_nc_ht=scontent.fhan2-5.fna&amp;_nc_gid=AWa9T8k8bsTlMr4iPKHkonf&amp;oh=00_AYBa_wJh6_F5HAa6HqLOMpGQoRxJKGX0yL1eayrjTDalcQ&amp;oe=67729C7C\" alt=\"\"\/><\/figure>\n\n\n\n<figure class=\"wp-block-image size-large\"><img decoding=\"async\" src=\"https:\/\/scontent.fhan20-1.fna.fbcdn.net\/v\/t39.30808-6\/471166908_1323316889002254_2690424540746251750_n.jpg?_nc_cat=109&amp;ccb=1-7&amp;_nc_sid=aa7b47&amp;_nc_eui2=AeGh5NSTOAcc_s7ubQ_GJjFmo_Xc4B2NXUmj9dzgHY1dSdxZz3E6ZvGQDi9_U69KAOyLI_ZgFu6TvNwEoYtgenMN&amp;_nc_ohc=3vFOOLAgV3sQ7kNvgFQH-F8&amp;_nc_oc=AdiDsRrDR3cvcL79ab43VhhVjYetN8oy-IXwZdz26UIfzhAoFXcVvS1ju56u_5cAxxc&amp;_nc_zt=23&amp;_nc_ht=scontent.fhan20-1.fna&amp;_nc_gid=AsHaVQ-2TvJGG3HQfTi-3aF&amp;oh=00_AYBmyjLT7ySz9tzCtKoYdBmMu_NZG8Etam_vpSvdHmoOfg&amp;oe=67729A07\" alt=\"\"\/><\/figure>\n<\/figure>\n\n\n\n<p><img loading=\"lazy\" decoding=\"async\" height=\"16\" width=\"16\" alt=\"\ud83e\udd29\" src=\"https:\/\/static.xx.fbcdn.net\/images\/emoji.php\/v9\/tf7\/2\/16\/1f929.png\"><img loading=\"lazy\" decoding=\"async\" height=\"16\" width=\"16\" alt=\"\ud83e\udd73\" src=\"https:\/\/static.xx.fbcdn.net\/images\/emoji.php\/v9\/tc\/2\/16\/1f973.png\">&nbsp;\u0110i\u1ec3m nh\u1ea5n \u0111\u1eb7c bi\u1ec7t c\u1ee7a ch\u01b0\u01a1ng tr\u00ecnh ch\u00ednh l\u00e0 m\u00e0n x\u00e9 t\u00fai m\u00f9 \u0111\u1ea7y h\u1ed3i h\u1ed9p v\u00e0 th\u00fa v\u1ecb. Ti\u1ebfng c\u01b0\u1eddi vang kh\u1eafp v\u0103n ph\u00f2ng khi nh\u1eefng &#8220;ng\u01b0\u1eddi b\u00ed \u1ea9n&#8221; l\u1ea7n l\u01b0\u1ee3t xu\u1ea5t hi\u1ec7n, v\u00e0 c\u00e1c m\u00f3n qu\u00e0 &#8220;b\u00ed m\u1eadt&#8221; \u0111\u01b0\u1ee3c ti\u1ebft l\u1ed9, t\u1ea1o n\u00ean m\u1ed9t b\u1ea7u kh\u00f4ng kh\u00ed vui v\u1ebb, g\u1ea7n g\u0169i v\u00e0 \u1ea5m \u00e1p.<\/p>\n\n\n\n<figure class=\"wp-block-gallery has-nested-images columns-default is-cropped wp-block-gallery-3 is-layout-flex wp-block-gallery-is-layout-flex\">\n<figure class=\"wp-block-image size-large\"><img decoding=\"async\" src=\"https:\/\/scontent.fhan2-4.fna.fbcdn.net\/v\/t39.30808-6\/471425288_1323315912335685_5637179636572943000_n.jpg?stp=cp6_dst-jpg_tt6&amp;_nc_cat=100&amp;ccb=1-7&amp;_nc_sid=aa7b47&amp;_nc_eui2=AeEqeZrscmzKiZSXh0giTCbwWtYbcrmzXEha1htyubNcSFC0glI6e2_BSSUHtORqT1n3MVZ9YcyYR_T8Yb1mo4jx&amp;_nc_ohc=o-WGLVmkXyYQ7kNvgF_d9s0&amp;_nc_oc=AdhWAG0McwWu7OiTt1u8iV0bTrW5mLVRH9Rpu1Ht3t6tJuGgE9-X83UcH7dUNoMc4dw&amp;_nc_zt=23&amp;_nc_ht=scontent.fhan2-4.fna&amp;_nc_gid=Amo4OFGGitaIEbbQ2znMjhi&amp;oh=00_AYBaLyQu7q8LTxgmyF_lUDjs7CaBpJotA0KI_2hRY5MnHA&amp;oe=67729639\" alt=\"\"\/><\/figure>\n\n\n\n<figure class=\"wp-block-image size-large\"><img decoding=\"async\" src=\"https:\/\/scontent.fhan2-5.fna.fbcdn.net\/v\/t39.30808-6\/471270199_1323316042335672_1145008528551402037_n.jpg?stp=cp6_dst-jpg_tt6&amp;_nc_cat=107&amp;ccb=1-7&amp;_nc_sid=aa7b47&amp;_nc_eui2=AeGB-Omqt_DsuhfqSAWQtDE2CVT9-RIpW24JVP35Eilbbh8ThTvnKW0F7AnYTNUa-sGHlvaZnD8HOYmmm1aMzOlm&amp;_nc_ohc=Xmhu3Rquuu8Q7kNvgGZqTPS&amp;_nc_oc=AdjGMkl6QTFfXFl_lw-ZreGG3Qy7FCdw4OV9XF-g_9i-w1CPCrmwuAQnrdyzYgdi3kM&amp;_nc_zt=23&amp;_nc_ht=scontent.fhan2-5.fna&amp;_nc_gid=Ak8n-8VgBMdLPbUHe7xBoUf&amp;oh=00_AYB-7nIU7kQmvs7vjZQqrxujVuzE27OxqTs0BhzkipglRQ&amp;oe=67729B17\" alt=\"\"\/><\/figure>\n\n\n\n<figure class=\"wp-block-image size-large\"><img decoding=\"async\" src=\"https:\/\/scontent.fhan2-3.fna.fbcdn.net\/v\/t39.30808-6\/471411170_1323316179002325_1267165276025128528_n.jpg?stp=cp6_dst-jpg_tt6&amp;_nc_cat=101&amp;ccb=1-7&amp;_nc_sid=aa7b47&amp;_nc_eui2=AeETVYhgTJEgJEwjg3Yzplacq7iGaldh49-ruIZqV2Hj36Z5MCFX5WoQiS7ajjsM5bo72LidW2pK9qAKEKsMhUBj&amp;_nc_ohc=QuWuZcSpF6UQ7kNvgEtOp12&amp;_nc_oc=AdjE_Xjz9regls4uTjyKnGPMgLYxYnIUINKM4tCc_OwLHTBSOwuYI-_w2fNnvKuukJs&amp;_nc_zt=23&amp;_nc_ht=scontent.fhan2-3.fna&amp;_nc_gid=A-c45UGzuTxJWDFabe_7ce2&amp;oh=00_AYAw9tBseLrxDEH4GPdkAYL4ut0evvD3rpDCAnS09qulUQ&amp;oe=67729557\" alt=\"\"\/><\/figure>\n<\/figure>\n\n\n\n<p><img loading=\"lazy\" decoding=\"async\" height=\"16\" width=\"16\" alt=\"\ud83e\udd17\" src=\"https:\/\/static.xx.fbcdn.net\/images\/emoji.php\/v9\/t56\/2\/16\/1f917.png\">&nbsp;Gi\u00e1ng Sinh n\u0103m nay th\u1ef1c s\u1ef1 l\u00e0 m\u1ed9t d\u1ea5u \u1ea5n \u0111\u00e1ng nh\u1edb, khi m\u1ed7i th\u00e0nh vi\u00ean \u0111\u00e3 c\u00f9ng g\u00f3p ph\u1ea7n t\u1ea1o n\u00ean nh\u1eefng kho\u1ea3nh kh\u1eafc tuy\u1ec7t v\u1eddi, tr\u00e0n \u0111\u1ea7y n\u0103ng l\u01b0\u1ee3ng t\u00edch c\u1ef1c v\u00e0 x\u00edch g\u1ea7n b\u00ean nhau&nbsp;<strong>CLOSE, TO KNOW<\/strong>. C\u1ea3m \u01a1n t\u1ea5t c\u1ea3 ACE \u0111\u00e3 chung tay l\u00e0m n\u00ean m\u1ed9t m\u00f9a l\u1ec5 h\u1ed9i th\u1eadt \u0111\u1eb7c bi\u1ec7t!<\/p>\n\n\n\n<figure class=\"wp-block-gallery has-nested-images columns-default is-cropped wp-block-gallery-4 is-layout-flex wp-block-gallery-is-layout-flex\">\n<figure class=\"wp-block-image size-large\"><img decoding=\"async\" src=\"https:\/\/scontent.fhan2-4.fna.fbcdn.net\/v\/t39.30808-6\/471269752_1323316552335621_308448798768185844_n.jpg?_nc_cat=110&amp;ccb=1-7&amp;_nc_sid=aa7b47&amp;_nc_eui2=AeGcNHqJNZxieXJiHDPxKx7S8zPb3qI5RQHzM9veojlFAazWVNaJpjjWMNbRBC-t5EZhZHz-gqF_TSA1QTD2GYj_&amp;_nc_ohc=y9APUo3cTbUQ7kNvgG9t4uz&amp;_nc_oc=Adh98pq4xyL02--Bhedh4oZYfbGvYXexPacPMTrbujq2QRTth4uOOihIZ1PLonfAMV8&amp;_nc_zt=23&amp;_nc_ht=scontent.fhan2-4.fna&amp;_nc_gid=ASNFzpHRSl9vPZ8FAZAWR0a&amp;oh=00_AYDn-OSZOZScDl3i-yHeAQKkN0XtkuNXfIz0aUhU3U9k-Q&amp;oe=6772A7DB\" alt=\"\"\/><\/figure>\n\n\n\n<figure class=\"wp-block-image size-large\"><img decoding=\"async\" src=\"https:\/\/scontent.fhan1-1.fna.fbcdn.net\/v\/t39.30808-6\/471478094_1323317012335575_2543703420935095828_n.jpg?_nc_cat=102&amp;ccb=1-7&amp;_nc_sid=aa7b47&amp;_nc_eui2=AeGB8Qel5OW3Csbz7SNLnbzzebW-BLepOfZ5tb4Et6k59mT_3wv2p2z8mkiPEG9PcN6UNSNT6MsO_m90UQuj6xDF&amp;_nc_ohc=ySMuPwKdWfAQ7kNvgEnQFah&amp;_nc_zt=23&amp;_nc_ht=scontent.fhan1-1.fna&amp;_nc_gid=Am1XGg5j6DKTgo5Q-1FOxg6&amp;oh=00_AYAhWlHp_FeKRXMP1TfIgxdPAIChdvJic20IAImlvgSXOA&amp;oe=6772A214\" alt=\"\"\/><\/figure>\n<\/figure>\n\n\n\n<p>Ch\u00fac \u0111\u1ea1i gia \u0111\u00ecnh Canifa &amp; OnOff m\u1ed9t m\u00f9a Gi\u00e1ng Sinh an l\u00e0nh, h\u1ea1nh ph\u00fac v\u00e0 tr\u00e0n ng\u1eadp y\u00eau th\u01b0\u01a1ng!&nbsp;<img loading=\"lazy\" decoding=\"async\" height=\"16\" width=\"16\" alt=\"\u2764\ufe0f\" src=\"https:\/\/static.xx.fbcdn.net\/images\/emoji.php\/v9\/ted\/2\/16\/2764.png\"><img loading=\"lazy\" decoding=\"async\" height=\"16\" width=\"16\" alt=\"\ud83c\udf85\" src=\"https:\/\/static.xx.fbcdn.net\/images\/emoji.php\/v9\/t27\/2\/16\/1f385.png\"><\/p>\n\n\n\n<p><\/p>\n","protected":false},"excerpt":{"rendered":"<p>&nbsp;Kh\u00f4ng kh\u00ed Gi\u00e1ng Sinh \u0111\u00e3 ng\u1eadp tr\u00e0n hai v\u0103n ph\u00f2ng 170 La Th\u00e0nh v\u00e0 181 Gi\u1ea3ng V\u00f5 trong ng\u00e0y 24\/12, t\u1ea5t c\u1ea3 t\u1ea1o n\u00ean m\u1ed9t ng\u00e0y l\u1ec5 \u0111\u1ea7y \u00fd ngh\u0129a v\u00e0 g\u1eafn k\u1ebft cho \u0111\u1ea1i gia \u0111\u00ecnh Canifa &amp; OnOff. \u0110\u00e2y kh\u00f4ng ch\u1ec9 l\u00e0 d\u1ecbp \u0111\u1ec3 m\u1ecdi ng\u01b0\u1eddi c\u00f9ng nhau s\u1ebb chia ni\u1ec1m vui, m\u00e0 [&hellip;]<\/p>\n","protected":false},"author":4,"featured_media":0,"parent":0,"menu_order":0,"comment_status":"closed","ping_status":"closed","template":"","meta":{"_acf_changed":false,"footnotes":""},"class_list":["post-4271","page","type-page","status-publish","hentry"],"acf":[],"_links":{"self":[{"href":"https:\/\/canifa.com\/tuyen-dung\/wp-json\/wp\/v2\/pages\/4271","targetHints":{"allow":["GET"]}}],"collection":[{"href":"https:\/\/canifa.com\/tuyen-dung\/wp-json\/wp\/v2\/pages"}],"about":[{"href":"https:\/\/canifa.com\/tuyen-dung\/wp-json\/wp\/v2\/types\/page"}],"author":[{"embeddable":true,"href":"https:\/\/canifa.com\/tuyen-dung\/wp-json\/wp\/v2\/users\/4"}],"replies":[{"embeddable":true,"href":"https:\/\/canifa.com\/tuyen-dung\/wp-json\/wp\/v2\/comments?post=4271"}],"version-history":[{"count":1,"href":"https:\/\/canifa.com\/tuyen-dung\/wp-json\/wp\/v2\/pages\/4271\/revisions"}],"predecessor-version":[{"id":4276,"href":"https:\/\/canifa.com\/tuyen-dung\/wp-json\/wp\/v2\/pages\/4271\/revisions\/4276"}],"wp:attachment":[{"href":"https:\/\/canifa.com\/tuyen-dung\/wp-json\/wp\/v2\/media?parent=4271"}],"curies":[{"name":"wp","href":"https:\/\/api.w.org\/{rel}","templated":true}]}}