{"id":4406,"date":"2025-03-12T09:54:30","date_gmt":"2025-03-12T09:54:30","guid":{"rendered":"https:\/\/canifa.com\/tuyen-dung\/?page_id=4406"},"modified":"2025-03-12T10:16:08","modified_gmt":"2025-03-12T10:16:08","slug":"4406-2","status":"publish","type":"page","link":"https:\/\/canifa.com\/tuyen-dung\/4406-2\/","title":{"rendered":"ANIFA T\u1eceA S\u00c1NG T\u1ea0I GI\u1ea2I \u0110\u1ea4U PICKLE BALL &#8220;SHE SHINES &#8211; SHE WINS&#8221;"},"content":{"rendered":"\n<figure class=\"wp-block-gallery has-nested-images columns-default is-cropped wp-block-gallery-1 is-layout-flex wp-block-gallery-is-layout-flex\">\n<figure class=\"wp-block-image size-large\"><img fetchpriority=\"high\" decoding=\"async\" width=\"1024\" height=\"683\" data-id=\"4422\" src=\"https:\/\/canifa.com\/tuyen-dung\/wp-content\/uploads\/2025\/03\/482027470_1375969657070310_6686097102780176492_n-3-1024x683.jpg\" alt=\"\" class=\"wp-image-4422\" srcset=\"https:\/\/canifa.com\/tuyen-dung\/wp-content\/uploads\/2025\/03\/482027470_1375969657070310_6686097102780176492_n-3-1024x683.jpg 1024w, https:\/\/canifa.com\/tuyen-dung\/wp-content\/uploads\/2025\/03\/482027470_1375969657070310_6686097102780176492_n-3-300x200.jpg 300w, https:\/\/canifa.com\/tuyen-dung\/wp-content\/uploads\/2025\/03\/482027470_1375969657070310_6686097102780176492_n-3-768x512.jpg 768w, https:\/\/canifa.com\/tuyen-dung\/wp-content\/uploads\/2025\/03\/482027470_1375969657070310_6686097102780176492_n-3-1536x1024.jpg 1536w, https:\/\/canifa.com\/tuyen-dung\/wp-content\/uploads\/2025\/03\/482027470_1375969657070310_6686097102780176492_n-3-1200x800.jpg 1200w, https:\/\/canifa.com\/tuyen-dung\/wp-content\/uploads\/2025\/03\/482027470_1375969657070310_6686097102780176492_n-3-400x267.jpg 400w, https:\/\/canifa.com\/tuyen-dung\/wp-content\/uploads\/2025\/03\/482027470_1375969657070310_6686097102780176492_n-3-130x87.jpg 130w, https:\/\/canifa.com\/tuyen-dung\/wp-content\/uploads\/2025\/03\/482027470_1375969657070310_6686097102780176492_n-3.jpg 2048w\" sizes=\"(max-width: 1024px) 100vw, 1024px\" \/><\/figure>\n<\/figure>\n\n\n\n<p>Gi\u1ea3i \u0111\u1ea5u quy t\u1ee5 c\u00e1c \u0111\u01a1n v\u1ecb \u0111\u1ed1i t\u00e1c, kh\u00e1ch h\u00e0ng th\u00e2n thi\u1ebft \u0111\u00e3 \u0111\u1ed3ng h\u00e0nh c\u00f9ng BIDV Th\u00e1i H\u00e0, trong \u0111\u00f3 Canifa l\u00e0 m\u1ed9t trong nh\u1eefng \u0111\u1ed1i t\u00e1c l\u1edbn, l\u00e2u n\u0103m trong ch\u1eb7ng \u0111\u01b0\u1eddng ph\u00e1t tri\u1ec3n b\u1ec1n v\u1eefng. <\/p>\n\n\n\n<p>L\u1ea7n \u0111\u1ea7u ti\u00ean tham gia b\u1ed9 m\u00f4n Pickle Ball ACE Canifa c\u00f2n nhi\u1ec1u b\u1ee1 ng\u1ee1, nh\u01b0ng v\u1edbi tinh th\u1ea7n quy\u1ebft t\u00e2m cao \u0111\u1ed9, \u0111o\u00e0n k\u1ebft c\u00f9ng d\u00e0n c\u1ed5 \u0111\u1ed9ng vi\u00ean m\u00e1u l\u1eeda, ch\u00fang ta \u0111\u00e3 xu\u1ea5t s\u1eafc \u0111em v\u1ec1 nh\u1eefng th\u00e0nh t\u00edch \u0111\u00e1ng t\u1ef1 h\u00e0o v\u1edbi:<\/p>\n\n\n\n<ul class=\"wp-block-list\">\n<li><img decoding=\"async\" height=\"16\" width=\"16\" src=\"https:\/\/static.xx.fbcdn.net\/images\/emoji.php\/v9\/t15\/1\/16\/1f948.png\" alt=\"\ud83e\udd48\">\u00a0<strong>H\u1ea1ng Nh\u00ec<\/strong>\u00a0to\u00e0n \u0111o\u00e0n n\u1ed9i dung\u00a0<strong>\u0111\u00f4i Nam N\u1eef<\/strong><\/li>\n\n\n\n<li><img decoding=\"async\" height=\"16\" width=\"16\" src=\"https:\/\/static.xx.fbcdn.net\/images\/emoji.php\/v9\/t96\/1\/16\/1f949.png\" alt=\"\ud83e\udd49\">\u00a0<strong>H\u1ea1ng Ba<\/strong>\u00a0to\u00e0n \u0111o\u00e0n n\u1ed9i dung\u00a0<strong>\u0111\u00f4i N\u1eef<\/strong><\/li>\n<\/ul>\n\n\n\n<figure class=\"wp-block-gallery has-nested-images columns-default is-cropped wp-block-gallery-2 is-layout-flex wp-block-gallery-is-layout-flex\">\n<figure class=\"wp-block-image size-large\"><img loading=\"lazy\" decoding=\"async\" width=\"1024\" height=\"683\" data-id=\"4424\" src=\"https:\/\/canifa.com\/tuyen-dung\/wp-content\/uploads\/2025\/03\/482008327_1375970647070211_4952805224332034330_n-2-1024x683.jpg\" alt=\"\" class=\"wp-image-4424\" srcset=\"https:\/\/canifa.com\/tuyen-dung\/wp-content\/uploads\/2025\/03\/482008327_1375970647070211_4952805224332034330_n-2-1024x683.jpg 1024w, https:\/\/canifa.com\/tuyen-dung\/wp-content\/uploads\/2025\/03\/482008327_1375970647070211_4952805224332034330_n-2-300x200.jpg 300w, https:\/\/canifa.com\/tuyen-dung\/wp-content\/uploads\/2025\/03\/482008327_1375970647070211_4952805224332034330_n-2-768x512.jpg 768w, https:\/\/canifa.com\/tuyen-dung\/wp-content\/uploads\/2025\/03\/482008327_1375970647070211_4952805224332034330_n-2-1536x1024.jpg 1536w, https:\/\/canifa.com\/tuyen-dung\/wp-content\/uploads\/2025\/03\/482008327_1375970647070211_4952805224332034330_n-2-1200x800.jpg 1200w, https:\/\/canifa.com\/tuyen-dung\/wp-content\/uploads\/2025\/03\/482008327_1375970647070211_4952805224332034330_n-2-400x267.jpg 400w, https:\/\/canifa.com\/tuyen-dung\/wp-content\/uploads\/2025\/03\/482008327_1375970647070211_4952805224332034330_n-2-130x87.jpg 130w, https:\/\/canifa.com\/tuyen-dung\/wp-content\/uploads\/2025\/03\/482008327_1375970647070211_4952805224332034330_n-2.jpg 2048w\" sizes=\"(max-width: 1024px) 100vw, 1024px\" \/><\/figure>\n\n\n\n<figure class=\"wp-block-image size-large\"><img loading=\"lazy\" decoding=\"async\" width=\"1024\" height=\"683\" data-id=\"4425\" src=\"https:\/\/canifa.com\/tuyen-dung\/wp-content\/uploads\/2025\/03\/482320489_1375969217070354_8369041187948152467_n-1-1024x683.jpg\" alt=\"\" class=\"wp-image-4425\" srcset=\"https:\/\/canifa.com\/tuyen-dung\/wp-content\/uploads\/2025\/03\/482320489_1375969217070354_8369041187948152467_n-1-1024x683.jpg 1024w, https:\/\/canifa.com\/tuyen-dung\/wp-content\/uploads\/2025\/03\/482320489_1375969217070354_8369041187948152467_n-1-300x200.jpg 300w, https:\/\/canifa.com\/tuyen-dung\/wp-content\/uploads\/2025\/03\/482320489_1375969217070354_8369041187948152467_n-1-768x512.jpg 768w, https:\/\/canifa.com\/tuyen-dung\/wp-content\/uploads\/2025\/03\/482320489_1375969217070354_8369041187948152467_n-1-1536x1024.jpg 1536w, https:\/\/canifa.com\/tuyen-dung\/wp-content\/uploads\/2025\/03\/482320489_1375969217070354_8369041187948152467_n-1-1200x800.jpg 1200w, https:\/\/canifa.com\/tuyen-dung\/wp-content\/uploads\/2025\/03\/482320489_1375969217070354_8369041187948152467_n-1-400x267.jpg 400w, https:\/\/canifa.com\/tuyen-dung\/wp-content\/uploads\/2025\/03\/482320489_1375969217070354_8369041187948152467_n-1-130x87.jpg 130w, https:\/\/canifa.com\/tuyen-dung\/wp-content\/uploads\/2025\/03\/482320489_1375969217070354_8369041187948152467_n-1.jpg 2048w\" sizes=\"(max-width: 1024px) 100vw, 1024px\" \/><\/figure>\n<\/figure>\n\n\n\n<p>\u0110\u00e2y c\u0169ng l\u00e0 b\u01b0\u1edbc kh\u1edfi \u0111\u1ea7u cho s\u1ef1 ra \u0111\u1eddi c\u1ee7a<strong>&nbsp;Canifa Pickleball Club&nbsp;<\/strong>s\u1ebd \u0111\u01b0\u1ee3c ra m\u1eaft ngay trong th\u00e1ng 3 n\u00e0y, t\u1ea1o th\u00eam s\u00e2n ch\u01a1i th\u1ec3 thao, giao l\u01b0u g\u1eafn k\u1ebft cho ACE theo \u0111\u00fang tinh th\u1ea7n Work &#8211; Live &#8211; Learn &amp; Growth.<\/p>\n\n\n\n<figure class=\"wp-block-gallery has-nested-images columns-default is-cropped wp-block-gallery-3 is-layout-flex wp-block-gallery-is-layout-flex\">\n<figure class=\"wp-block-image size-large\"><img loading=\"lazy\" decoding=\"async\" width=\"1024\" height=\"683\" data-id=\"4410\" src=\"https:\/\/canifa.com\/tuyen-dung\/wp-content\/uploads\/2025\/03\/481682649_1375969253737017_4243424338899613092_n-1024x683.jpg\" alt=\"\" class=\"wp-image-4410\" srcset=\"https:\/\/canifa.com\/tuyen-dung\/wp-content\/uploads\/2025\/03\/481682649_1375969253737017_4243424338899613092_n-1024x683.jpg 1024w, https:\/\/canifa.com\/tuyen-dung\/wp-content\/uploads\/2025\/03\/481682649_1375969253737017_4243424338899613092_n-300x200.jpg 300w, https:\/\/canifa.com\/tuyen-dung\/wp-content\/uploads\/2025\/03\/481682649_1375969253737017_4243424338899613092_n-768x512.jpg 768w, https:\/\/canifa.com\/tuyen-dung\/wp-content\/uploads\/2025\/03\/481682649_1375969253737017_4243424338899613092_n-1536x1024.jpg 1536w, https:\/\/canifa.com\/tuyen-dung\/wp-content\/uploads\/2025\/03\/481682649_1375969253737017_4243424338899613092_n-1200x800.jpg 1200w, https:\/\/canifa.com\/tuyen-dung\/wp-content\/uploads\/2025\/03\/481682649_1375969253737017_4243424338899613092_n-400x267.jpg 400w, https:\/\/canifa.com\/tuyen-dung\/wp-content\/uploads\/2025\/03\/481682649_1375969253737017_4243424338899613092_n-130x87.jpg 130w, https:\/\/canifa.com\/tuyen-dung\/wp-content\/uploads\/2025\/03\/481682649_1375969253737017_4243424338899613092_n.jpg 2048w\" sizes=\"(max-width: 1024px) 100vw, 1024px\" \/><\/figure>\n\n\n\n<figure class=\"wp-block-image size-large\"><img loading=\"lazy\" decoding=\"async\" width=\"1024\" height=\"683\" data-id=\"4412\" src=\"https:\/\/canifa.com\/tuyen-dung\/wp-content\/uploads\/2025\/03\/481908675_1375969673736975_1467274682519605520_n-1024x683.jpg\" alt=\"\" class=\"wp-image-4412\" srcset=\"https:\/\/canifa.com\/tuyen-dung\/wp-content\/uploads\/2025\/03\/481908675_1375969673736975_1467274682519605520_n-1024x683.jpg 1024w, https:\/\/canifa.com\/tuyen-dung\/wp-content\/uploads\/2025\/03\/481908675_1375969673736975_1467274682519605520_n-300x200.jpg 300w, https:\/\/canifa.com\/tuyen-dung\/wp-content\/uploads\/2025\/03\/481908675_1375969673736975_1467274682519605520_n-768x512.jpg 768w, https:\/\/canifa.com\/tuyen-dung\/wp-content\/uploads\/2025\/03\/481908675_1375969673736975_1467274682519605520_n-1536x1024.jpg 1536w, https:\/\/canifa.com\/tuyen-dung\/wp-content\/uploads\/2025\/03\/481908675_1375969673736975_1467274682519605520_n-1200x800.jpg 1200w, https:\/\/canifa.com\/tuyen-dung\/wp-content\/uploads\/2025\/03\/481908675_1375969673736975_1467274682519605520_n-400x267.jpg 400w, https:\/\/canifa.com\/tuyen-dung\/wp-content\/uploads\/2025\/03\/481908675_1375969673736975_1467274682519605520_n-130x87.jpg 130w, https:\/\/canifa.com\/tuyen-dung\/wp-content\/uploads\/2025\/03\/481908675_1375969673736975_1467274682519605520_n.jpg 2048w\" sizes=\"(max-width: 1024px) 100vw, 1024px\" \/><\/figure>\n\n\n\n<figure class=\"wp-block-image size-large\"><img loading=\"lazy\" decoding=\"async\" width=\"1024\" height=\"683\" data-id=\"4411\" src=\"https:\/\/canifa.com\/tuyen-dung\/wp-content\/uploads\/2025\/03\/482005669_1375969257070350_8971863250730631242_n-1024x683.jpg\" alt=\"\" class=\"wp-image-4411\" srcset=\"https:\/\/canifa.com\/tuyen-dung\/wp-content\/uploads\/2025\/03\/482005669_1375969257070350_8971863250730631242_n-1024x683.jpg 1024w, https:\/\/canifa.com\/tuyen-dung\/wp-content\/uploads\/2025\/03\/482005669_1375969257070350_8971863250730631242_n-300x200.jpg 300w, https:\/\/canifa.com\/tuyen-dung\/wp-content\/uploads\/2025\/03\/482005669_1375969257070350_8971863250730631242_n-768x512.jpg 768w, https:\/\/canifa.com\/tuyen-dung\/wp-content\/uploads\/2025\/03\/482005669_1375969257070350_8971863250730631242_n-1536x1024.jpg 1536w, https:\/\/canifa.com\/tuyen-dung\/wp-content\/uploads\/2025\/03\/482005669_1375969257070350_8971863250730631242_n-1200x800.jpg 1200w, https:\/\/canifa.com\/tuyen-dung\/wp-content\/uploads\/2025\/03\/482005669_1375969257070350_8971863250730631242_n-400x267.jpg 400w, https:\/\/canifa.com\/tuyen-dung\/wp-content\/uploads\/2025\/03\/482005669_1375969257070350_8971863250730631242_n-130x87.jpg 130w, https:\/\/canifa.com\/tuyen-dung\/wp-content\/uploads\/2025\/03\/482005669_1375969257070350_8971863250730631242_n.jpg 2048w\" sizes=\"(max-width: 1024px) 100vw, 1024px\" \/><\/figure>\n\n\n\n<figure class=\"wp-block-image size-large\"><img loading=\"lazy\" decoding=\"async\" width=\"1024\" height=\"683\" data-id=\"4413\" src=\"https:\/\/canifa.com\/tuyen-dung\/wp-content\/uploads\/2025\/03\/482065274_1375969367070339_6571252361995763068_n-1024x683.jpg\" alt=\"\" class=\"wp-image-4413\" srcset=\"https:\/\/canifa.com\/tuyen-dung\/wp-content\/uploads\/2025\/03\/482065274_1375969367070339_6571252361995763068_n-1024x683.jpg 1024w, https:\/\/canifa.com\/tuyen-dung\/wp-content\/uploads\/2025\/03\/482065274_1375969367070339_6571252361995763068_n-300x200.jpg 300w, https:\/\/canifa.com\/tuyen-dung\/wp-content\/uploads\/2025\/03\/482065274_1375969367070339_6571252361995763068_n-768x512.jpg 768w, https:\/\/canifa.com\/tuyen-dung\/wp-content\/uploads\/2025\/03\/482065274_1375969367070339_6571252361995763068_n-1536x1024.jpg 1536w, https:\/\/canifa.com\/tuyen-dung\/wp-content\/uploads\/2025\/03\/482065274_1375969367070339_6571252361995763068_n-1200x800.jpg 1200w, https:\/\/canifa.com\/tuyen-dung\/wp-content\/uploads\/2025\/03\/482065274_1375969367070339_6571252361995763068_n-400x267.jpg 400w, https:\/\/canifa.com\/tuyen-dung\/wp-content\/uploads\/2025\/03\/482065274_1375969367070339_6571252361995763068_n-130x87.jpg 130w, https:\/\/canifa.com\/tuyen-dung\/wp-content\/uploads\/2025\/03\/482065274_1375969367070339_6571252361995763068_n.jpg 2048w\" sizes=\"(max-width: 1024px) 100vw, 1024px\" \/><\/figure>\n<\/figure>\n\n\n\n<p>C\u00f9ng ch\u1edd \u0111\u00f3n th\u00f4ng tin ra m\u1eaft ch\u00ednh th\u1ee9c c\u1ee7a Canifa Pickeball Club nh\u00e9!<\/p>\n\n\n\n<p><\/p>\n","protected":false},"excerpt":{"rendered":"<p>Gi\u1ea3i \u0111\u1ea5u quy t\u1ee5 c\u00e1c \u0111\u01a1n v\u1ecb \u0111\u1ed1i t\u00e1c, kh\u00e1ch h\u00e0ng th\u00e2n thi\u1ebft \u0111\u00e3 \u0111\u1ed3ng h\u00e0nh c\u00f9ng BIDV Th\u00e1i H\u00e0, trong \u0111\u00f3 Canifa l\u00e0 m\u1ed9t trong nh\u1eefng \u0111\u1ed1i t\u00e1c l\u1edbn, l\u00e2u n\u0103m trong ch\u1eb7ng \u0111\u01b0\u1eddng ph\u00e1t tri\u1ec3n b\u1ec1n v\u1eefng. L\u1ea7n \u0111\u1ea7u ti\u00ean tham gia b\u1ed9 m\u00f4n Pickle Ball ACE Canifa c\u00f2n nhi\u1ec1u b\u1ee1 ng\u1ee1, nh\u01b0ng [&hellip;]<\/p>\n","protected":false},"author":4,"featured_media":0,"parent":0,"menu_order":0,"comment_status":"closed","ping_status":"closed","template":"","meta":{"_acf_changed":false,"footnotes":""},"class_list":["post-4406","page","type-page","status-publish","hentry"],"acf":[],"_links":{"self":[{"href":"https:\/\/canifa.com\/tuyen-dung\/wp-json\/wp\/v2\/pages\/4406","targetHints":{"allow":["GET"]}}],"collection":[{"href":"https:\/\/canifa.com\/tuyen-dung\/wp-json\/wp\/v2\/pages"}],"about":[{"href":"https:\/\/canifa.com\/tuyen-dung\/wp-json\/wp\/v2\/types\/page"}],"author":[{"embeddable":true,"href":"https:\/\/canifa.com\/tuyen-dung\/wp-json\/wp\/v2\/users\/4"}],"replies":[{"embeddable":true,"href":"https:\/\/canifa.com\/tuyen-dung\/wp-json\/wp\/v2\/comments?post=4406"}],"version-history":[{"count":5,"href":"https:\/\/canifa.com\/tuyen-dung\/wp-json\/wp\/v2\/pages\/4406\/revisions"}],"predecessor-version":[{"id":4426,"href":"https:\/\/canifa.com\/tuyen-dung\/wp-json\/wp\/v2\/pages\/4406\/revisions\/4426"}],"wp:attachment":[{"href":"https:\/\/canifa.com\/tuyen-dung\/wp-json\/wp\/v2\/media?parent=4406"}],"curies":[{"name":"wp","href":"https:\/\/api.w.org\/{rel}","templated":true}]}}