{"id":4676,"date":"2025-04-11T03:34:53","date_gmt":"2025-04-11T03:34:53","guid":{"rendered":"https:\/\/canifa.com\/tuyen-dung\/?page_id=4676"},"modified":"2025-04-11T03:34:53","modified_gmt":"2025-04-11T03:34:53","slug":"canifa-leadership-2-0-nang-cao-hieu-suat-chinh-phuc-muc-tieu","status":"publish","type":"page","link":"https:\/\/canifa.com\/tuyen-dung\/canifa-leadership-2-0-nang-cao-hieu-suat-chinh-phuc-muc-tieu\/","title":{"rendered":"Canifa Leadership 2.0 \u2013 N\u00c2NG CAO HI\u1ec6U SU\u1ea4T, CHINH PH\u1ee4C M\u1ee4C TI\u00caU"},"content":{"rendered":"\n<p><strong><em>\u201cS\u1ef1 l\u00e3nh \u0111\u1ea1o b\u1eaft \u0111\u1ea7u t\u1eeb vi\u1ec7c t\u1ef1 l\u00e3nh \u0111\u1ea1o b\u1ea3n th\u00e2n m\u00ecnh tr\u01b0\u1edbc<\/em><\/strong>.\u201d \u2013 Robin Sharma (tr\u00edch s\u00e1ch&nbsp;<em>Who Will Cry When You Die?<\/em>)<\/p>\n\n\n\n<p>N\u0103m 2025,\u00a0<strong>X\u00e2y d\u1ef1ng \u0111\u1ed9i ng\u0169 m\u1ea1nh &amp; ph\u00e1t tri\u1ec3n t\u00e0i n\u0103ng<\/strong>\u00a0ch\u00ednh l\u00e0 1 trong 5 m\u1ee5c ti\u00eau chi\u1ebfn l\u01b0\u1ee3c c\u1ee7a Canifa. \u0110\u1ec3 hi\u1ec7n th\u1ef1c h\u00f3a \u0111i\u1ec1u n\u00e0y, ch\u01b0\u01a1ng tr\u00ecnh\u00a0<strong>Canifa Leadership 2.0<\/strong>\u00a0ch\u00ednh th\u1ee9c kh\u1edfi \u0111\u1ed9ng, \u0111\u00e1nh d\u1ea5u b\u01b0\u1edbc \u0111\u1ea7u ti\u00ean trong h\u00e0nh tr\u00ecnh n\u00e2ng cao n\u0103ng l\u1ef1c l\u00e3nh \u0111\u1ea1o, ph\u00e1t tri\u1ec3n \u0111\u1ed9i ng\u0169.<\/p>\n\n\n\n<figure class=\"wp-block-gallery has-nested-images columns-default is-cropped wp-block-gallery-1 is-layout-flex wp-block-gallery-is-layout-flex\">\n<figure class=\"wp-block-image size-large\"><img fetchpriority=\"high\" decoding=\"async\" width=\"600\" height=\"450\" data-id=\"4677\" src=\"https:\/\/canifa.com\/tuyen-dung\/wp-content\/uploads\/2025\/04\/486263865_1387879262546016_91230244895705247_n-1.jpg\" alt=\"\" class=\"wp-image-4677\" srcset=\"https:\/\/canifa.com\/tuyen-dung\/wp-content\/uploads\/2025\/04\/486263865_1387879262546016_91230244895705247_n-1.jpg 600w, https:\/\/canifa.com\/tuyen-dung\/wp-content\/uploads\/2025\/04\/486263865_1387879262546016_91230244895705247_n-1-300x225.jpg 300w, https:\/\/canifa.com\/tuyen-dung\/wp-content\/uploads\/2025\/04\/486263865_1387879262546016_91230244895705247_n-1-400x300.jpg 400w, https:\/\/canifa.com\/tuyen-dung\/wp-content\/uploads\/2025\/04\/486263865_1387879262546016_91230244895705247_n-1-130x98.jpg 130w\" sizes=\"(max-width: 600px) 100vw, 600px\" \/><\/figure>\n\n\n\n<figure class=\"wp-block-image size-large\"><img decoding=\"async\" width=\"1024\" height=\"768\" data-id=\"4678\" src=\"https:\/\/canifa.com\/tuyen-dung\/wp-content\/uploads\/2025\/04\/486383681_1387880005879275_1892625710192314923_n-1024x768.jpg\" alt=\"\" class=\"wp-image-4678\" srcset=\"https:\/\/canifa.com\/tuyen-dung\/wp-content\/uploads\/2025\/04\/486383681_1387880005879275_1892625710192314923_n-1024x768.jpg 1024w, https:\/\/canifa.com\/tuyen-dung\/wp-content\/uploads\/2025\/04\/486383681_1387880005879275_1892625710192314923_n-300x225.jpg 300w, https:\/\/canifa.com\/tuyen-dung\/wp-content\/uploads\/2025\/04\/486383681_1387880005879275_1892625710192314923_n-768x576.jpg 768w, https:\/\/canifa.com\/tuyen-dung\/wp-content\/uploads\/2025\/04\/486383681_1387880005879275_1892625710192314923_n-1536x1152.jpg 1536w, https:\/\/canifa.com\/tuyen-dung\/wp-content\/uploads\/2025\/04\/486383681_1387880005879275_1892625710192314923_n-1200x900.jpg 1200w, https:\/\/canifa.com\/tuyen-dung\/wp-content\/uploads\/2025\/04\/486383681_1387880005879275_1892625710192314923_n-400x300.jpg 400w, https:\/\/canifa.com\/tuyen-dung\/wp-content\/uploads\/2025\/04\/486383681_1387880005879275_1892625710192314923_n-130x98.jpg 130w, https:\/\/canifa.com\/tuyen-dung\/wp-content\/uploads\/2025\/04\/486383681_1387880005879275_1892625710192314923_n.jpg 2048w\" sizes=\"(max-width: 1024px) 100vw, 1024px\" \/><\/figure>\n\n\n\n<figure class=\"wp-block-image size-large\"><img decoding=\"async\" width=\"1024\" height=\"768\" data-id=\"4679\" src=\"https:\/\/canifa.com\/tuyen-dung\/wp-content\/uploads\/2025\/04\/486605560_1387879219212687_7791234172490325867_n-1024x768.jpg\" alt=\"\" class=\"wp-image-4679\" srcset=\"https:\/\/canifa.com\/tuyen-dung\/wp-content\/uploads\/2025\/04\/486605560_1387879219212687_7791234172490325867_n-1024x768.jpg 1024w, https:\/\/canifa.com\/tuyen-dung\/wp-content\/uploads\/2025\/04\/486605560_1387879219212687_7791234172490325867_n-300x225.jpg 300w, https:\/\/canifa.com\/tuyen-dung\/wp-content\/uploads\/2025\/04\/486605560_1387879219212687_7791234172490325867_n-768x576.jpg 768w, https:\/\/canifa.com\/tuyen-dung\/wp-content\/uploads\/2025\/04\/486605560_1387879219212687_7791234172490325867_n-1536x1152.jpg 1536w, https:\/\/canifa.com\/tuyen-dung\/wp-content\/uploads\/2025\/04\/486605560_1387879219212687_7791234172490325867_n-1200x900.jpg 1200w, https:\/\/canifa.com\/tuyen-dung\/wp-content\/uploads\/2025\/04\/486605560_1387879219212687_7791234172490325867_n-400x300.jpg 400w, https:\/\/canifa.com\/tuyen-dung\/wp-content\/uploads\/2025\/04\/486605560_1387879219212687_7791234172490325867_n-130x98.jpg 130w, https:\/\/canifa.com\/tuyen-dung\/wp-content\/uploads\/2025\/04\/486605560_1387879219212687_7791234172490325867_n.jpg 2048w\" sizes=\"(max-width: 1024px) 100vw, 1024px\" \/><\/figure>\n<\/figure>\n\n\n\n<p>M\u1ed9t nh\u00e0 l\u00e3nh \u0111\u1ea1o gi\u1ecfi b\u1eaft \u0111\u1ea7u t\u1eeb vi\u1ec7c qu\u1ea3n tr\u1ecb hi\u1ec7u su\u1ea5t c\u00e1 nh\u00e2n, sau \u0111\u00f3 ph\u00e1t tri\u1ec3n \u0111\u1ed9i ng\u0169, v\u00e0 cu\u1ed1i c\u00f9ng l\u00e0 x\u00e2y d\u1ef1ng v\u0103n h\u00f3a v\u1eefng m\u1ea1nh. \u0110\u00e2y c\u0169ng ch\u00ednh l\u00e0 h\u00e0nh tr\u00ecnh m\u00e0 \u0111\u1ed9i ng\u0169 nh\u00e2n s\u1ef1 ch\u1ee7 ch\u1ed1t c\u1ee7a Canifa &amp; OnOff s\u1ebd c\u00f9ng nhau tr\u1ea3i qua trong 04 ng\u00e0y h\u1ecdc:<\/p>\n\n\n\n<p><img loading=\"lazy\" decoding=\"async\" height=\"16\" width=\"16\" alt=\"\u2705\" src=\"https:\/\/static.xx.fbcdn.net\/images\/emoji.php\/v9\/t33\/1\/16\/2705.png\">&nbsp;<strong>Qu\u1ea3n tr\u1ecb hi\u1ec7u su\u1ea5t<\/strong>&nbsp;\u2013 L\u00e0m ch\u1ee7 c\u00f4ng vi\u1ec7c, n\u00e2ng cao n\u0103ng su\u1ea5t; Qu\u1ea3n tr\u1ecb n\u0103ng l\u01b0\u1ee3ng v\u00e0 c\u1ea3m x\u00fac<br><img loading=\"lazy\" decoding=\"async\" height=\"16\" width=\"16\" alt=\"\u2705\" src=\"https:\/\/static.xx.fbcdn.net\/images\/emoji.php\/v9\/t33\/1\/16\/2705.png\">&nbsp;<strong>Ph\u00e1t tri\u1ec3n \u0111\u1ed9i ng\u0169<\/strong>&nbsp;\u2013 Khai v\u1ea5n, ph\u1ea3n h\u1ed3i t\u1ea1o \u0111\u1ed9ng l\u1ef1c<br><img loading=\"lazy\" decoding=\"async\" height=\"16\" width=\"16\" alt=\"\u2705\" src=\"https:\/\/static.xx.fbcdn.net\/images\/emoji.php\/v9\/t33\/1\/16\/2705.png\">&nbsp;<strong>L\u00e3nh \u0111\u1ea1o v\u0103n h\u00f3a<\/strong>&nbsp;\u2013 H\u00e0nh tr\u00ecnh L\u00e3nh \u0111\u1ea1o; Qu\u1ea3n tr\u1ecb b\u1eb1ng v\u0103n h\u00f3a<br><img loading=\"lazy\" decoding=\"async\" height=\"16\" width=\"16\" alt=\"\u2705\" src=\"https:\/\/static.xx.fbcdn.net\/images\/emoji.php\/v9\/t33\/1\/16\/2705.png\">&nbsp;<strong>T\u1ed5ng k\u1ebft \u2013&nbsp;<\/strong>Present k\u1ebft qu\u1ea3 h\u1ecdc t\u1eadp v\u00e0 \u1ee9ng d\u1ee5ng th\u1ef1c t\u1ebf<\/p>\n\n\n\n<figure class=\"wp-block-gallery has-nested-images columns-default is-cropped wp-block-gallery-2 is-layout-flex wp-block-gallery-is-layout-flex\">\n<figure class=\"wp-block-image size-large\"><img loading=\"lazy\" decoding=\"async\" width=\"1024\" height=\"768\" data-id=\"4680\" src=\"https:\/\/canifa.com\/tuyen-dung\/wp-content\/uploads\/2025\/04\/485868739_1387879662545976_4608453807242880716_n-1024x768.jpg\" alt=\"\" class=\"wp-image-4680\" srcset=\"https:\/\/canifa.com\/tuyen-dung\/wp-content\/uploads\/2025\/04\/485868739_1387879662545976_4608453807242880716_n-1024x768.jpg 1024w, https:\/\/canifa.com\/tuyen-dung\/wp-content\/uploads\/2025\/04\/485868739_1387879662545976_4608453807242880716_n-300x225.jpg 300w, https:\/\/canifa.com\/tuyen-dung\/wp-content\/uploads\/2025\/04\/485868739_1387879662545976_4608453807242880716_n-768x576.jpg 768w, https:\/\/canifa.com\/tuyen-dung\/wp-content\/uploads\/2025\/04\/485868739_1387879662545976_4608453807242880716_n-1536x1152.jpg 1536w, https:\/\/canifa.com\/tuyen-dung\/wp-content\/uploads\/2025\/04\/485868739_1387879662545976_4608453807242880716_n-1200x900.jpg 1200w, https:\/\/canifa.com\/tuyen-dung\/wp-content\/uploads\/2025\/04\/485868739_1387879662545976_4608453807242880716_n-400x300.jpg 400w, https:\/\/canifa.com\/tuyen-dung\/wp-content\/uploads\/2025\/04\/485868739_1387879662545976_4608453807242880716_n-130x98.jpg 130w, https:\/\/canifa.com\/tuyen-dung\/wp-content\/uploads\/2025\/04\/485868739_1387879662545976_4608453807242880716_n.jpg 2048w\" sizes=\"(max-width: 1024px) 100vw, 1024px\" \/><\/figure>\n\n\n\n<figure class=\"wp-block-image size-large\"><img loading=\"lazy\" decoding=\"async\" width=\"1024\" height=\"768\" data-id=\"4681\" src=\"https:\/\/canifa.com\/tuyen-dung\/wp-content\/uploads\/2025\/04\/486131144_1387879135879362_9154939667431982250_n-1024x768.jpg\" alt=\"\" class=\"wp-image-4681\" srcset=\"https:\/\/canifa.com\/tuyen-dung\/wp-content\/uploads\/2025\/04\/486131144_1387879135879362_9154939667431982250_n-1024x768.jpg 1024w, https:\/\/canifa.com\/tuyen-dung\/wp-content\/uploads\/2025\/04\/486131144_1387879135879362_9154939667431982250_n-300x225.jpg 300w, https:\/\/canifa.com\/tuyen-dung\/wp-content\/uploads\/2025\/04\/486131144_1387879135879362_9154939667431982250_n-768x576.jpg 768w, https:\/\/canifa.com\/tuyen-dung\/wp-content\/uploads\/2025\/04\/486131144_1387879135879362_9154939667431982250_n-1536x1152.jpg 1536w, https:\/\/canifa.com\/tuyen-dung\/wp-content\/uploads\/2025\/04\/486131144_1387879135879362_9154939667431982250_n-1200x900.jpg 1200w, https:\/\/canifa.com\/tuyen-dung\/wp-content\/uploads\/2025\/04\/486131144_1387879135879362_9154939667431982250_n-400x300.jpg 400w, https:\/\/canifa.com\/tuyen-dung\/wp-content\/uploads\/2025\/04\/486131144_1387879135879362_9154939667431982250_n-130x98.jpg 130w, https:\/\/canifa.com\/tuyen-dung\/wp-content\/uploads\/2025\/04\/486131144_1387879135879362_9154939667431982250_n.jpg 2048w\" sizes=\"(max-width: 1024px) 100vw, 1024px\" \/><\/figure>\n\n\n\n<figure class=\"wp-block-image size-large\"><img loading=\"lazy\" decoding=\"async\" width=\"1024\" height=\"768\" data-id=\"4682\" src=\"https:\/\/canifa.com\/tuyen-dung\/wp-content\/uploads\/2025\/04\/486483427_1388768372457105_5749608209409627432_n-1024x768.jpg\" alt=\"\" class=\"wp-image-4682\" srcset=\"https:\/\/canifa.com\/tuyen-dung\/wp-content\/uploads\/2025\/04\/486483427_1388768372457105_5749608209409627432_n-1024x768.jpg 1024w, https:\/\/canifa.com\/tuyen-dung\/wp-content\/uploads\/2025\/04\/486483427_1388768372457105_5749608209409627432_n-300x225.jpg 300w, https:\/\/canifa.com\/tuyen-dung\/wp-content\/uploads\/2025\/04\/486483427_1388768372457105_5749608209409627432_n-768x576.jpg 768w, https:\/\/canifa.com\/tuyen-dung\/wp-content\/uploads\/2025\/04\/486483427_1388768372457105_5749608209409627432_n-1536x1152.jpg 1536w, https:\/\/canifa.com\/tuyen-dung\/wp-content\/uploads\/2025\/04\/486483427_1388768372457105_5749608209409627432_n-1200x900.jpg 1200w, https:\/\/canifa.com\/tuyen-dung\/wp-content\/uploads\/2025\/04\/486483427_1388768372457105_5749608209409627432_n-400x300.jpg 400w, https:\/\/canifa.com\/tuyen-dung\/wp-content\/uploads\/2025\/04\/486483427_1388768372457105_5749608209409627432_n-130x98.jpg 130w, https:\/\/canifa.com\/tuyen-dung\/wp-content\/uploads\/2025\/04\/486483427_1388768372457105_5749608209409627432_n.jpg 2048w\" sizes=\"(max-width: 1024px) 100vw, 1024px\" \/><\/figure>\n<\/figure>\n\n\n\n<p>Ng\u00e0y 21\/03, kh\u00f3a \u0111\u00e0o t\u1ea1o ch\u00ednh th\u1ee9c kh\u1edfi \u0111\u1ed9ng v\u1edbi ch\u1ee7 \u0111\u1ec1&nbsp;<strong>Qu\u1ea3n tr\u1ecb hi\u1ec7u su\u1ea5t<\/strong>&nbsp;\u2013 b\u01b0\u1edbc \u0111\u1ea7u ti\u00ean gi\u00fap c\u00e1c N5up t\u1ed5 ch\u1ee9c c\u00f4ng vi\u1ec7c khoa h\u1ecdc, t\u1ed1i \u01b0u h\u00f3a n\u0103ng su\u1ea5t c\u00e1 nh\u00e2n v\u00e0 \u0111\u1ed9i nh\u00f3m. C\u00e1c ph\u01b0\u01a1ng ph\u00e1p qu\u1ea3n tr\u1ecb c\u00f4ng vi\u1ec7c hi\u1ec7u qu\u1ea3 nh\u01b0 Eisenhower Matrix, The Big 5, 4D, Pomodoro, Pareto 80\/20\u2026 \u0111\u00e3 \u0111\u01b0\u1ee3c chia s\u1ebb, gi\u00fap c\u00e1c qu\u1ea3n l\u00fd l\u00e0m ch\u1ee7 th\u1eddi gian v\u00e0 c\u00f4ng vi\u1ec7c c\u1ee7a m\u00ecnh.<\/p>\n\n\n\n<p><img loading=\"lazy\" decoding=\"async\" height=\"16\" width=\"16\" alt=\"\u2728\" src=\"https:\/\/static.xx.fbcdn.net\/images\/emoji.php\/v9\/tf4\/1\/16\/2728.png\">&nbsp;<strong>Do Less, Get More \u2013 L\u00e0m \u00edt h\u01a1n nh\u01b0ng \u0111\u1ea1t \u0111\u01b0\u1ee3c nhi\u1ec1u h\u01a1n<\/strong>&nbsp;ch\u00ednh l\u00e0 \u0111\u1ecbnh h\u01b0\u1edbng t\u01b0 duy v\u00e0 th\u00f4ng \u0111i\u1ec7p xuy\u00ean su\u1ed1t \u0111\u1ec3 c\u00e1c N5up \u00e1p d\u1ee5ng, n\u00e2ng cao hi\u1ec7u su\u1ea5t v\u00e0 t\u1ea1o ra gi\u00e1 tr\u1ecb t\u1ed1i \u01b0u.<\/p>\n\n\n\n<figure class=\"wp-block-gallery has-nested-images columns-default is-cropped wp-block-gallery-3 is-layout-flex wp-block-gallery-is-layout-flex\">\n<figure class=\"wp-block-image size-large\"><img loading=\"lazy\" decoding=\"async\" width=\"1024\" height=\"768\" data-id=\"4684\" src=\"https:\/\/canifa.com\/tuyen-dung\/wp-content\/uploads\/2025\/04\/486066207_1387880112545931_30861886265811725_n-1024x768.jpg\" alt=\"\" class=\"wp-image-4684\" srcset=\"https:\/\/canifa.com\/tuyen-dung\/wp-content\/uploads\/2025\/04\/486066207_1387880112545931_30861886265811725_n-1024x768.jpg 1024w, https:\/\/canifa.com\/tuyen-dung\/wp-content\/uploads\/2025\/04\/486066207_1387880112545931_30861886265811725_n-300x225.jpg 300w, https:\/\/canifa.com\/tuyen-dung\/wp-content\/uploads\/2025\/04\/486066207_1387880112545931_30861886265811725_n-768x576.jpg 768w, https:\/\/canifa.com\/tuyen-dung\/wp-content\/uploads\/2025\/04\/486066207_1387880112545931_30861886265811725_n-1536x1152.jpg 1536w, https:\/\/canifa.com\/tuyen-dung\/wp-content\/uploads\/2025\/04\/486066207_1387880112545931_30861886265811725_n-1200x900.jpg 1200w, https:\/\/canifa.com\/tuyen-dung\/wp-content\/uploads\/2025\/04\/486066207_1387880112545931_30861886265811725_n-400x300.jpg 400w, https:\/\/canifa.com\/tuyen-dung\/wp-content\/uploads\/2025\/04\/486066207_1387880112545931_30861886265811725_n-130x98.jpg 130w, https:\/\/canifa.com\/tuyen-dung\/wp-content\/uploads\/2025\/04\/486066207_1387880112545931_30861886265811725_n.jpg 2048w\" sizes=\"(max-width: 1024px) 100vw, 1024px\" \/><\/figure>\n\n\n\n<figure class=\"wp-block-image size-large\"><img loading=\"lazy\" decoding=\"async\" width=\"1024\" height=\"768\" data-id=\"4685\" src=\"https:\/\/canifa.com\/tuyen-dung\/wp-content\/uploads\/2025\/04\/486144032_1387879462545996_426814273129057292_n-1024x768.jpg\" alt=\"\" class=\"wp-image-4685\" srcset=\"https:\/\/canifa.com\/tuyen-dung\/wp-content\/uploads\/2025\/04\/486144032_1387879462545996_426814273129057292_n-1024x768.jpg 1024w, https:\/\/canifa.com\/tuyen-dung\/wp-content\/uploads\/2025\/04\/486144032_1387879462545996_426814273129057292_n-300x225.jpg 300w, https:\/\/canifa.com\/tuyen-dung\/wp-content\/uploads\/2025\/04\/486144032_1387879462545996_426814273129057292_n-768x576.jpg 768w, https:\/\/canifa.com\/tuyen-dung\/wp-content\/uploads\/2025\/04\/486144032_1387879462545996_426814273129057292_n-1536x1152.jpg 1536w, https:\/\/canifa.com\/tuyen-dung\/wp-content\/uploads\/2025\/04\/486144032_1387879462545996_426814273129057292_n-1200x900.jpg 1200w, https:\/\/canifa.com\/tuyen-dung\/wp-content\/uploads\/2025\/04\/486144032_1387879462545996_426814273129057292_n-400x300.jpg 400w, https:\/\/canifa.com\/tuyen-dung\/wp-content\/uploads\/2025\/04\/486144032_1387879462545996_426814273129057292_n-130x98.jpg 130w, https:\/\/canifa.com\/tuyen-dung\/wp-content\/uploads\/2025\/04\/486144032_1387879462545996_426814273129057292_n.jpg 2048w\" sizes=\"(max-width: 1024px) 100vw, 1024px\" \/><\/figure>\n\n\n\n<figure class=\"wp-block-image size-large\"><img loading=\"lazy\" decoding=\"async\" width=\"1024\" height=\"768\" data-id=\"4683\" src=\"https:\/\/canifa.com\/tuyen-dung\/wp-content\/uploads\/2025\/04\/486152121_1387879595879316_3235573772138718375_n-1024x768.jpg\" alt=\"\" class=\"wp-image-4683\" srcset=\"https:\/\/canifa.com\/tuyen-dung\/wp-content\/uploads\/2025\/04\/486152121_1387879595879316_3235573772138718375_n-1024x768.jpg 1024w, https:\/\/canifa.com\/tuyen-dung\/wp-content\/uploads\/2025\/04\/486152121_1387879595879316_3235573772138718375_n-300x225.jpg 300w, https:\/\/canifa.com\/tuyen-dung\/wp-content\/uploads\/2025\/04\/486152121_1387879595879316_3235573772138718375_n-768x576.jpg 768w, https:\/\/canifa.com\/tuyen-dung\/wp-content\/uploads\/2025\/04\/486152121_1387879595879316_3235573772138718375_n-1536x1152.jpg 1536w, https:\/\/canifa.com\/tuyen-dung\/wp-content\/uploads\/2025\/04\/486152121_1387879595879316_3235573772138718375_n-1200x900.jpg 1200w, https:\/\/canifa.com\/tuyen-dung\/wp-content\/uploads\/2025\/04\/486152121_1387879595879316_3235573772138718375_n-400x300.jpg 400w, https:\/\/canifa.com\/tuyen-dung\/wp-content\/uploads\/2025\/04\/486152121_1387879595879316_3235573772138718375_n-130x98.jpg 130w, https:\/\/canifa.com\/tuyen-dung\/wp-content\/uploads\/2025\/04\/486152121_1387879595879316_3235573772138718375_n.jpg 2048w\" sizes=\"(max-width: 1024px) 100vw, 1024px\" \/><\/figure>\n<\/figure>\n\n\n\n<p>Ngo\u00e0i ra, ch\u01b0\u01a1ng tr\u00ecnh c\u00f2n gi\u00fap c\u00e1c Nh\u00e0 Qu\u1ea3n l\u00fd hi\u1ec3u r\u00f5 c\u00e1ch\u00a0<strong>qu\u1ea3n tr\u1ecb n\u0103ng l\u01b0\u1ee3ng c\u1ea3m x\u00fac &amp; \u00e1p l\u1ef1c c\u00f4ng vi\u1ec7c, \u0111\u1ea3m b\u1ea3o<\/strong>\u00a0s\u1ef1 c\u00e2n b\u1eb1ng b\u1ec1n v\u1eefng v\u1edbi m\u00f4 h\u00ecnh\u00a0<strong>3 c\u1ee5c &#8220;PIN&#8221; Th\u00e2n &#8211; T\u00e2m &#8211; Tr\u00ed<\/strong>. Kh\u00f4ng ch\u1ec9 ti\u1ebfp thu ki\u1ebfn th\u1ee9c, c\u00e1c N5up \u0111\u00e3 c\u00f9ng nhau th\u1ea3o lu\u1eadn s\u00f4i n\u1ed5i v\u1ec1 c\u00e1ch \u00e1p d\u1ee5ng v\u00e0o th\u1ef1c t\u1ebf t\u1ea1i t\u1eebng Kh\u1ed1i B\u1ed9 ph\u1eadn, c\u0169ng nh\u01b0 l\u1ed3ng gh\u00e9p v\u00e0o c\u00e1c Gi\u00e1 tr\u1ecb c\u1ed1t l\u00f5i c\u1ee7a Canifa &amp; OnOff.<\/p>\n\n\n\n<figure class=\"wp-block-gallery has-nested-images columns-default is-cropped wp-block-gallery-4 is-layout-flex wp-block-gallery-is-layout-flex\">\n<figure class=\"wp-block-image size-large\"><img loading=\"lazy\" decoding=\"async\" width=\"1024\" height=\"768\" data-id=\"4686\" src=\"https:\/\/canifa.com\/tuyen-dung\/wp-content\/uploads\/2025\/04\/486293747_1387879209212688_2846948361796609453_n-1024x768.jpg\" alt=\"\" class=\"wp-image-4686\" srcset=\"https:\/\/canifa.com\/tuyen-dung\/wp-content\/uploads\/2025\/04\/486293747_1387879209212688_2846948361796609453_n-1024x768.jpg 1024w, https:\/\/canifa.com\/tuyen-dung\/wp-content\/uploads\/2025\/04\/486293747_1387879209212688_2846948361796609453_n-300x225.jpg 300w, https:\/\/canifa.com\/tuyen-dung\/wp-content\/uploads\/2025\/04\/486293747_1387879209212688_2846948361796609453_n-768x576.jpg 768w, https:\/\/canifa.com\/tuyen-dung\/wp-content\/uploads\/2025\/04\/486293747_1387879209212688_2846948361796609453_n-1536x1152.jpg 1536w, https:\/\/canifa.com\/tuyen-dung\/wp-content\/uploads\/2025\/04\/486293747_1387879209212688_2846948361796609453_n-1200x900.jpg 1200w, https:\/\/canifa.com\/tuyen-dung\/wp-content\/uploads\/2025\/04\/486293747_1387879209212688_2846948361796609453_n-400x300.jpg 400w, https:\/\/canifa.com\/tuyen-dung\/wp-content\/uploads\/2025\/04\/486293747_1387879209212688_2846948361796609453_n-130x98.jpg 130w, https:\/\/canifa.com\/tuyen-dung\/wp-content\/uploads\/2025\/04\/486293747_1387879209212688_2846948361796609453_n.jpg 2048w\" sizes=\"(max-width: 1024px) 100vw, 1024px\" \/><\/figure>\n<\/figure>\n\n\n\n<p>C\u00f9ng d\u00f5i theo h\u00e0nh tr\u00ecnh Canifa Leadership 2.0 s\u1ebd \u0111\u01b0\u1ee3c c\u1eadp nh\u1eadt trong c\u00e1c b\u00e0i vi\u1ebft ti\u1ebfp theo nh\u00e9<\/p>\n","protected":false},"excerpt":{"rendered":"<p>\u201cS\u1ef1 l\u00e3nh \u0111\u1ea1o b\u1eaft \u0111\u1ea7u t\u1eeb vi\u1ec7c t\u1ef1 l\u00e3nh \u0111\u1ea1o b\u1ea3n th\u00e2n m\u00ecnh tr\u01b0\u1edbc.\u201d \u2013 Robin Sharma (tr\u00edch s\u00e1ch&nbsp;Who Will Cry When You Die?) N\u0103m 2025,\u00a0X\u00e2y d\u1ef1ng \u0111\u1ed9i ng\u0169 m\u1ea1nh &amp; ph\u00e1t tri\u1ec3n t\u00e0i n\u0103ng\u00a0ch\u00ednh l\u00e0 1 trong 5 m\u1ee5c ti\u00eau chi\u1ebfn l\u01b0\u1ee3c c\u1ee7a Canifa. \u0110\u1ec3 hi\u1ec7n th\u1ef1c h\u00f3a \u0111i\u1ec1u n\u00e0y, ch\u01b0\u01a1ng tr\u00ecnh\u00a0Canifa Leadership 2.0\u00a0ch\u00ednh [&hellip;]<\/p>\n","protected":false},"author":4,"featured_media":0,"parent":0,"menu_order":0,"comment_status":"closed","ping_status":"closed","template":"","meta":{"_acf_changed":false,"footnotes":""},"class_list":["post-4676","page","type-page","status-publish","hentry"],"acf":[],"_links":{"self":[{"href":"https:\/\/canifa.com\/tuyen-dung\/wp-json\/wp\/v2\/pages\/4676","targetHints":{"allow":["GET"]}}],"collection":[{"href":"https:\/\/canifa.com\/tuyen-dung\/wp-json\/wp\/v2\/pages"}],"about":[{"href":"https:\/\/canifa.com\/tuyen-dung\/wp-json\/wp\/v2\/types\/page"}],"author":[{"embeddable":true,"href":"https:\/\/canifa.com\/tuyen-dung\/wp-json\/wp\/v2\/users\/4"}],"replies":[{"embeddable":true,"href":"https:\/\/canifa.com\/tuyen-dung\/wp-json\/wp\/v2\/comments?post=4676"}],"version-history":[{"count":1,"href":"https:\/\/canifa.com\/tuyen-dung\/wp-json\/wp\/v2\/pages\/4676\/revisions"}],"predecessor-version":[{"id":4687,"href":"https:\/\/canifa.com\/tuyen-dung\/wp-json\/wp\/v2\/pages\/4676\/revisions\/4687"}],"wp:attachment":[{"href":"https:\/\/canifa.com\/tuyen-dung\/wp-json\/wp\/v2\/media?parent=4676"}],"curies":[{"name":"wp","href":"https:\/\/api.w.org\/{rel}","templated":true}]}}